{"id":58,"date":"2022-09-08T17:54:40","date_gmt":"2022-09-08T17:54:40","guid":{"rendered":"https:\/\/gerhardt-stipshausen.de\/?page_id=58"},"modified":"2023-01-01T05:40:28","modified_gmt":"2023-01-01T05:40:28","slug":"ueber-uns-2","status":"publish","type":"page","link":"https:\/\/gerhardt-stipshausen.de\/index.php\/ueber-uns-2\/","title":{"rendered":"\u00dcber uns"},"content":{"rendered":"\n<figure class=\"wp-block-image size-large\"><img loading=\"lazy\" decoding=\"async\" width=\"1024\" height=\"18\" src=\"https:\/\/gerhardt-stipshausen.de\/wp-content\/uploads\/2022\/09\/Linie-OK-2-1024x18.gif\" alt=\"\" class=\"wp-image-216\" srcset=\"https:\/\/gerhardt-stipshausen.de\/wp-content\/uploads\/2022\/09\/Linie-OK-2-1024x18.gif 1024w, https:\/\/gerhardt-stipshausen.de\/wp-content\/uploads\/2022\/09\/Linie-OK-2-300x5.gif 300w, https:\/\/gerhardt-stipshausen.de\/wp-content\/uploads\/2022\/09\/Linie-OK-2-768x13.gif 768w\" sizes=\"auto, (max-width: 767px) 89vw, (max-width: 1000px) 54vw, (max-width: 1071px) 543px, 580px\" \/><\/figure>\n\n\n\n<h2 class=\"has-black-color has-text-color has-medium-font-size wp-block-heading\"><strong>Das sind wir&#8230;<\/strong><\/h2>\n\n\n\n<div class=\"alignnormal\"><div id=\"metaslider-id-160\" style=\"width: 100%;\" class=\"ml-slider-3-108-0 metaslider metaslider-flex metaslider-160 ml-slider has-dots-nav ms-theme-default\" role=\"region\" aria-label=\"Wir\" data-height=\"501\" data-width=\"700\">\n    <div id=\"metaslider_container_160\">\n        <div id=\"metaslider_160\">\n            <ul class='slides'>\n                <li style=\"display: block; width: 100%;\" class=\"slide-162 ms-image \" aria-roledescription=\"slide\" data-date=\"2022-09-09 16:50:34\" data-filename=\"wir-700x501.jpg\" data-slide-type=\"image\"><img loading=\"lazy\" decoding=\"async\" src=\"https:\/\/gerhardt-stipshausen.de\/wp-content\/uploads\/2022\/09\/wir-700x501.jpg\" height=\"501\" width=\"700\" alt=\"\" class=\"slider-160 slide-162 msDefaultImage\" title=\"wir\" \/><\/li>\n                <li style=\"display: none; width: 100%;\" class=\"slide-167 ms-image \" aria-roledescription=\"slide\" data-date=\"2022-09-09 16:53:39\" data-filename=\"HS0_0219-scaled-700x501.jpg\" data-slide-type=\"image\"><img loading=\"lazy\" decoding=\"async\" src=\"https:\/\/gerhardt-stipshausen.de\/wp-content\/uploads\/2022\/09\/HS0_0219-scaled-700x501.jpg\" height=\"501\" width=\"700\" alt=\"\" class=\"slider-160 slide-167 msDefaultImage\" title=\"HS0_0219\" \/><\/li>\n                <li style=\"display: none; width: 100%;\" class=\"slide-168 ms-image \" aria-roledescription=\"slide\" data-date=\"2022-09-09 16:54:38\" data-filename=\"anke-karsten-ok-700x501.jpg\" data-slide-type=\"image\"><img loading=\"lazy\" decoding=\"async\" src=\"https:\/\/gerhardt-stipshausen.de\/wp-content\/uploads\/2022\/09\/anke-karsten-ok-700x501.jpg\" height=\"501\" width=\"700\" alt=\"\" class=\"slider-160 slide-168 msDefaultImage\" title=\"anke-karsten-ok\" \/><\/li>\n                <li style=\"display: none; width: 100%;\" class=\"slide-169 ms-image \" aria-roledescription=\"slide\" data-date=\"2022-09-09 16:54:50\" data-filename=\"Anke-Swr-700x501.jpg\" data-slide-type=\"image\"><img loading=\"lazy\" decoding=\"async\" src=\"https:\/\/gerhardt-stipshausen.de\/wp-content\/uploads\/2022\/09\/Anke-Swr-700x501.jpg\" height=\"501\" width=\"700\" alt=\"\" class=\"slider-160 slide-169 msDefaultImage\" title=\"Anke-Swr\" \/><\/li>\n                <li style=\"display: none; width: 100%;\" class=\"slide-170 ms-image \" aria-roledescription=\"slide\" data-date=\"2022-09-09 16:55:10\" data-filename=\"cropped-Karsten-700x501.jpg\" data-slide-type=\"image\"><img loading=\"lazy\" decoding=\"async\" src=\"https:\/\/gerhardt-stipshausen.de\/wp-content\/uploads\/2022\/09\/cropped-Karsten-700x501.jpg\" height=\"501\" width=\"700\" alt=\"\" class=\"slider-160 slide-170 msDefaultImage\" title=\"cropped-Karsten.jpg\" \/><\/li>\n                <li style=\"display: none; width: 100%;\" class=\"slide-362 ms-image \" aria-roledescription=\"slide\" data-date=\"2022-09-16 17:53:39\" data-filename=\"HS0_0160-scaled-700x501.jpg\" data-slide-type=\"image\"><img loading=\"lazy\" decoding=\"async\" src=\"https:\/\/gerhardt-stipshausen.de\/wp-content\/uploads\/2022\/09\/HS0_0160-scaled-700x501.jpg\" height=\"501\" width=\"700\" alt=\"\" class=\"slider-160 slide-362 msDefaultImage\" title=\"HS0_0160\" \/><\/li>\n                <li style=\"display: none; width: 100%;\" class=\"slide-365 ms-image \" aria-roledescription=\"slide\" data-date=\"2022-09-16 17:59:23\" data-filename=\"IMG_20190602_125654-2-1-scaled-700x501.jpg\" data-slide-type=\"image\"><img loading=\"lazy\" decoding=\"async\" src=\"https:\/\/gerhardt-stipshausen.de\/wp-content\/uploads\/2022\/09\/IMG_20190602_125654-2-1-scaled-700x501.jpg\" height=\"501\" width=\"700\" alt=\"\" class=\"slider-160 slide-365 msDefaultImage\" title=\"rbt\" \/><div class=\"caption-wrap\"><div class=\"caption\">rbt<\/div><\/div><\/li>\n                <li style=\"display: none; width: 100%;\" class=\"slide-494 ms-image \" aria-roledescription=\"slide\" data-date=\"2022-09-20 06:30:52\" data-filename=\"IMG_20200602_174632-1-scaled-700x501.jpg\" data-slide-type=\"image\"><img loading=\"lazy\" decoding=\"async\" src=\"https:\/\/gerhardt-stipshausen.de\/wp-content\/uploads\/2022\/09\/IMG_20200602_174632-1-scaled-700x501.jpg\" height=\"501\" width=\"700\" alt=\"\" class=\"slider-160 slide-494 msDefaultImage\" title=\"IMG_20200602_174632\" \/><\/li>\n            <\/ul>\n        <\/div>\n        \n    <\/div>\n<\/div><\/div>\n\n\n\n<h2 class=\"has-black-color has-text-color has-medium-font-size wp-block-heading\"><strong>unsere PHILOSOPHIE:<\/strong><\/h2>\n\n\n\n<p class=\"has-black-color has-text-color has-medium-font-size\">Ich hei\u00dfe Anke Gerhardt. Zusammen mit meinem Ehemann Karsten und meinen Kindern Leonie und Andr\u00e9 bewirtschaften wir seit April 1999 in der 3. Generation 60 Hektar Gr\u00fcnland und 15 Hektar Ackerfl\u00e4che. Derzeit halten wir ca. 30 Mutterk\u00fche und deren Nachzucht, sowie ca 250 Mutterschafe und eine geringe Anzahl an Mastschweinen. Das Futter f\u00fcr unsere lieben Tiere produzieren wir logischerweise selbst! Seit 2019 haben wir unsere Landwirtschaft komplett auf \u00f6kologisch umgestellt und befinden uns in der BIO-Zertifizierungsphase.<\/p>\n\n\n\nngg_shortcode_0_placeholder\n\n\n\n<h2 class=\"has-text-align-center has-black-color has-text-color has-medium-font-size wp-block-heading\"><strong>Wir sind ein Familienbetrieb, in dem Erfahrung gepaart mit Tradition und Innovation auf Nachhaltigkeit trifft.<\/strong><\/h2>\n\n\n\n<p class=\"has-text-align-center has-black-color has-text-color has-medium-font-size\">Wir bieten Direktvermarktung von Rind-, Schwein- und Lammfleisch sowie von Masth\u00e4hnchen an.<\/p>\n\n\n\n<figure class=\"wp-block-image size-large\"><img loading=\"lazy\" decoding=\"async\" width=\"1024\" height=\"18\" src=\"https:\/\/gerhardt-stipshausen.de\/wp-content\/uploads\/2022\/09\/Linie-OK-2-1024x18.gif\" alt=\"\" class=\"wp-image-216\" srcset=\"https:\/\/gerhardt-stipshausen.de\/wp-content\/uploads\/2022\/09\/Linie-OK-2-1024x18.gif 1024w, https:\/\/gerhardt-stipshausen.de\/wp-content\/uploads\/2022\/09\/Linie-OK-2-300x5.gif 300w, https:\/\/gerhardt-stipshausen.de\/wp-content\/uploads\/2022\/09\/Linie-OK-2-768x13.gif 768w\" sizes=\"auto, (max-width: 767px) 89vw, (max-width: 1000px) 54vw, (max-width: 1071px) 543px, 580px\" \/><\/figure>\n","protected":false},"excerpt":{"rendered":"<p>Das sind wir&#8230; unsere PHILOSOPHIE: Ich hei\u00dfe Anke Gerhardt. Zusammen mit meinem Ehemann Karsten und meinen Kindern Leonie und Andr\u00e9 bewirtschaften wir seit April 1999 in der 3. Generation 60 Hektar Gr\u00fcnland und 15 Hektar Ackerfl\u00e4che. Derzeit halten wir ca. 30 Mutterk\u00fche und deren Nachzucht, sowie ca 250 Mutterschafe und eine geringe Anzahl an Mastschweinen. &hellip; <\/p>\n<p class=\"link-more\"><a href=\"https:\/\/gerhardt-stipshausen.de\/index.php\/ueber-uns-2\/\" class=\"more-link\"><span class=\"screen-reader-text\">\u201e\u00dcber uns\u201c <\/span>weiterlesen<\/a><\/p>\n","protected":false},"author":1,"featured_media":0,"parent":0,"menu_order":0,"comment_status":"closed","ping_status":"closed","template":"","meta":{"ngg_post_thumbnail":0,"footnotes":""},"class_list":["post-58","page","type-page","status-publish","hentry"],"yoast_head":"<!-- This site is optimized with the Yoast SEO plugin v27.5 - https:\/\/yoast.com\/product\/yoast-seo-wordpress\/ -->\n<title>\u00dcber uns - Hofladen Gerhardt Stipshausen<\/title>\n<meta name=\"robots\" content=\"index, follow, max-snippet:-1, max-image-preview:large, max-video-preview:-1\" \/>\n<link rel=\"canonical\" href=\"https:\/\/gerhardt-stipshausen.de\/index.php\/ueber-uns-2\/\" \/>\n<meta property=\"og:locale\" content=\"de_DE\" \/>\n<meta property=\"og:type\" content=\"article\" \/>\n<meta property=\"og:title\" content=\"\u00dcber uns - Hofladen Gerhardt Stipshausen\" \/>\n<meta property=\"og:description\" content=\"Das sind wir&#8230; unsere PHILOSOPHIE: Ich hei\u00dfe Anke Gerhardt. Zusammen mit meinem Ehemann Karsten und meinen Kindern Leonie und Andr\u00e9 bewirtschaften wir seit April 1999 in der 3. Generation 60 Hektar Gr\u00fcnland und 15 Hektar Ackerfl\u00e4che. Derzeit halten wir ca. 30 Mutterk\u00fche und deren Nachzucht, sowie ca 250 Mutterschafe und eine geringe Anzahl an Mastschweinen. &hellip; \u201e\u00dcber uns\u201c weiterlesen\" \/>\n<meta property=\"og:url\" content=\"https:\/\/gerhardt-stipshausen.de\/index.php\/ueber-uns-2\/\" \/>\n<meta property=\"og:site_name\" content=\"Hofladen Gerhardt Stipshausen\" \/>\n<meta property=\"article:modified_time\" content=\"2023-01-01T05:40:28+00:00\" \/>\n<meta property=\"og:image\" content=\"https:\/\/gerhardt-stipshausen.de\/wp-content\/uploads\/2022\/09\/Linie-OK-2-1024x18.gif\" \/>\n<meta name=\"twitter:card\" content=\"summary_large_image\" \/>\n<meta name=\"twitter:label1\" content=\"Gesch\u00e4tzte Lesezeit\" \/>\n\t<meta name=\"twitter:data1\" content=\"2\u00a0Minuten\" \/>\n<script type=\"application\/ld+json\" class=\"yoast-schema-graph\">{\"@context\":\"https:\\\/\\\/schema.org\",\"@graph\":[{\"@type\":\"WebPage\",\"@id\":\"https:\\\/\\\/gerhardt-stipshausen.de\\\/index.php\\\/ueber-uns-2\\\/\",\"url\":\"https:\\\/\\\/gerhardt-stipshausen.de\\\/index.php\\\/ueber-uns-2\\\/\",\"name\":\"\u00dcber uns - Hofladen Gerhardt Stipshausen\",\"isPartOf\":{\"@id\":\"https:\\\/\\\/gerhardt-stipshausen.de\\\/#website\"},\"primaryImageOfPage\":{\"@id\":\"https:\\\/\\\/gerhardt-stipshausen.de\\\/index.php\\\/ueber-uns-2\\\/#primaryimage\"},\"image\":{\"@id\":\"https:\\\/\\\/gerhardt-stipshausen.de\\\/index.php\\\/ueber-uns-2\\\/#primaryimage\"},\"thumbnailUrl\":\"https:\\\/\\\/gerhardt-stipshausen.de\\\/wp-content\\\/uploads\\\/2022\\\/09\\\/Linie-OK-2-1024x18.gif\",\"datePublished\":\"2022-09-08T17:54:40+00:00\",\"dateModified\":\"2023-01-01T05:40:28+00:00\",\"breadcrumb\":{\"@id\":\"https:\\\/\\\/gerhardt-stipshausen.de\\\/index.php\\\/ueber-uns-2\\\/#breadcrumb\"},\"inLanguage\":\"de\",\"potentialAction\":[{\"@type\":\"ReadAction\",\"target\":[\"https:\\\/\\\/gerhardt-stipshausen.de\\\/index.php\\\/ueber-uns-2\\\/\"]}]},{\"@type\":\"ImageObject\",\"inLanguage\":\"de\",\"@id\":\"https:\\\/\\\/gerhardt-stipshausen.de\\\/index.php\\\/ueber-uns-2\\\/#primaryimage\",\"url\":\"https:\\\/\\\/gerhardt-stipshausen.de\\\/wp-content\\\/uploads\\\/2022\\\/09\\\/Linie-OK-2.gif\",\"contentUrl\":\"https:\\\/\\\/gerhardt-stipshausen.de\\\/wp-content\\\/uploads\\\/2022\\\/09\\\/Linie-OK-2.gif\",\"width\":1500,\"height\":26},{\"@type\":\"BreadcrumbList\",\"@id\":\"https:\\\/\\\/gerhardt-stipshausen.de\\\/index.php\\\/ueber-uns-2\\\/#breadcrumb\",\"itemListElement\":[{\"@type\":\"ListItem\",\"position\":1,\"name\":\"Startseite\",\"item\":\"https:\\\/\\\/gerhardt-stipshausen.de\\\/\"},{\"@type\":\"ListItem\",\"position\":2,\"name\":\"\u00dcber uns\"}]},{\"@type\":\"WebSite\",\"@id\":\"https:\\\/\\\/gerhardt-stipshausen.de\\\/#website\",\"url\":\"https:\\\/\\\/gerhardt-stipshausen.de\\\/\",\"name\":\"Hofladen Gerhardt Stipshausen\",\"description\":\"LANDFRISCHE LEBENSMITTEL &amp; MEHR DIREKT VOM BAUERNHOF\",\"publisher\":{\"@id\":\"https:\\\/\\\/gerhardt-stipshausen.de\\\/#organization\"},\"potentialAction\":[{\"@type\":\"SearchAction\",\"target\":{\"@type\":\"EntryPoint\",\"urlTemplate\":\"https:\\\/\\\/gerhardt-stipshausen.de\\\/?s={search_term_string}\"},\"query-input\":{\"@type\":\"PropertyValueSpecification\",\"valueRequired\":true,\"valueName\":\"search_term_string\"}}],\"inLanguage\":\"de\"},{\"@type\":\"Organization\",\"@id\":\"https:\\\/\\\/gerhardt-stipshausen.de\\\/#organization\",\"name\":\"Hofladen Gerhardt Stipshausen\",\"url\":\"https:\\\/\\\/gerhardt-stipshausen.de\\\/\",\"logo\":{\"@type\":\"ImageObject\",\"inLanguage\":\"de\",\"@id\":\"https:\\\/\\\/gerhardt-stipshausen.de\\\/#\\\/schema\\\/logo\\\/image\\\/\",\"url\":\"https:\\\/\\\/gerhardt-stipshausen.de\\\/wp-content\\\/uploads\\\/2022\\\/09\\\/cropped-Logo2_HOFLADEN-obenKlein-1.gif\",\"contentUrl\":\"https:\\\/\\\/gerhardt-stipshausen.de\\\/wp-content\\\/uploads\\\/2022\\\/09\\\/cropped-Logo2_HOFLADEN-obenKlein-1.gif\",\"width\":180,\"height\":171,\"caption\":\"Hofladen Gerhardt Stipshausen\"},\"image\":{\"@id\":\"https:\\\/\\\/gerhardt-stipshausen.de\\\/#\\\/schema\\\/logo\\\/image\\\/\"}}]}<\/script>\n<!-- \/ Yoast SEO plugin. -->","yoast_head_json":{"title":"\u00dcber uns - Hofladen Gerhardt Stipshausen","robots":{"index":"index","follow":"follow","max-snippet":"max-snippet:-1","max-image-preview":"max-image-preview:large","max-video-preview":"max-video-preview:-1"},"canonical":"https:\/\/gerhardt-stipshausen.de\/index.php\/ueber-uns-2\/","og_locale":"de_DE","og_type":"article","og_title":"\u00dcber uns - Hofladen Gerhardt Stipshausen","og_description":"Das sind wir&#8230; unsere PHILOSOPHIE: Ich hei\u00dfe Anke Gerhardt. Zusammen mit meinem Ehemann Karsten und meinen Kindern Leonie und Andr\u00e9 bewirtschaften wir seit April 1999 in der 3. Generation 60 Hektar Gr\u00fcnland und 15 Hektar Ackerfl\u00e4che. Derzeit halten wir ca. 30 Mutterk\u00fche und deren Nachzucht, sowie ca 250 Mutterschafe und eine geringe Anzahl an Mastschweinen. &hellip; \u201e\u00dcber uns\u201c weiterlesen","og_url":"https:\/\/gerhardt-stipshausen.de\/index.php\/ueber-uns-2\/","og_site_name":"Hofladen Gerhardt Stipshausen","article_modified_time":"2023-01-01T05:40:28+00:00","og_image":[{"url":"https:\/\/gerhardt-stipshausen.de\/wp-content\/uploads\/2022\/09\/Linie-OK-2-1024x18.gif","type":"","width":"","height":""}],"twitter_card":"summary_large_image","twitter_misc":{"Gesch\u00e4tzte Lesezeit":"2\u00a0Minuten"},"schema":{"@context":"https:\/\/schema.org","@graph":[{"@type":"WebPage","@id":"https:\/\/gerhardt-stipshausen.de\/index.php\/ueber-uns-2\/","url":"https:\/\/gerhardt-stipshausen.de\/index.php\/ueber-uns-2\/","name":"\u00dcber uns - Hofladen Gerhardt Stipshausen","isPartOf":{"@id":"https:\/\/gerhardt-stipshausen.de\/#website"},"primaryImageOfPage":{"@id":"https:\/\/gerhardt-stipshausen.de\/index.php\/ueber-uns-2\/#primaryimage"},"image":{"@id":"https:\/\/gerhardt-stipshausen.de\/index.php\/ueber-uns-2\/#primaryimage"},"thumbnailUrl":"https:\/\/gerhardt-stipshausen.de\/wp-content\/uploads\/2022\/09\/Linie-OK-2-1024x18.gif","datePublished":"2022-09-08T17:54:40+00:00","dateModified":"2023-01-01T05:40:28+00:00","breadcrumb":{"@id":"https:\/\/gerhardt-stipshausen.de\/index.php\/ueber-uns-2\/#breadcrumb"},"inLanguage":"de","potentialAction":[{"@type":"ReadAction","target":["https:\/\/gerhardt-stipshausen.de\/index.php\/ueber-uns-2\/"]}]},{"@type":"ImageObject","inLanguage":"de","@id":"https:\/\/gerhardt-stipshausen.de\/index.php\/ueber-uns-2\/#primaryimage","url":"https:\/\/gerhardt-stipshausen.de\/wp-content\/uploads\/2022\/09\/Linie-OK-2.gif","contentUrl":"https:\/\/gerhardt-stipshausen.de\/wp-content\/uploads\/2022\/09\/Linie-OK-2.gif","width":1500,"height":26},{"@type":"BreadcrumbList","@id":"https:\/\/gerhardt-stipshausen.de\/index.php\/ueber-uns-2\/#breadcrumb","itemListElement":[{"@type":"ListItem","position":1,"name":"Startseite","item":"https:\/\/gerhardt-stipshausen.de\/"},{"@type":"ListItem","position":2,"name":"\u00dcber uns"}]},{"@type":"WebSite","@id":"https:\/\/gerhardt-stipshausen.de\/#website","url":"https:\/\/gerhardt-stipshausen.de\/","name":"Hofladen Gerhardt Stipshausen","description":"LANDFRISCHE LEBENSMITTEL &amp; MEHR DIREKT VOM BAUERNHOF","publisher":{"@id":"https:\/\/gerhardt-stipshausen.de\/#organization"},"potentialAction":[{"@type":"SearchAction","target":{"@type":"EntryPoint","urlTemplate":"https:\/\/gerhardt-stipshausen.de\/?s={search_term_string}"},"query-input":{"@type":"PropertyValueSpecification","valueRequired":true,"valueName":"search_term_string"}}],"inLanguage":"de"},{"@type":"Organization","@id":"https:\/\/gerhardt-stipshausen.de\/#organization","name":"Hofladen Gerhardt Stipshausen","url":"https:\/\/gerhardt-stipshausen.de\/","logo":{"@type":"ImageObject","inLanguage":"de","@id":"https:\/\/gerhardt-stipshausen.de\/#\/schema\/logo\/image\/","url":"https:\/\/gerhardt-stipshausen.de\/wp-content\/uploads\/2022\/09\/cropped-Logo2_HOFLADEN-obenKlein-1.gif","contentUrl":"https:\/\/gerhardt-stipshausen.de\/wp-content\/uploads\/2022\/09\/cropped-Logo2_HOFLADEN-obenKlein-1.gif","width":180,"height":171,"caption":"Hofladen Gerhardt Stipshausen"},"image":{"@id":"https:\/\/gerhardt-stipshausen.de\/#\/schema\/logo\/image\/"}}]}},"_links":{"self":[{"href":"https:\/\/gerhardt-stipshausen.de\/index.php\/wp-json\/wp\/v2\/pages\/58","targetHints":{"allow":["GET"]}}],"collection":[{"href":"https:\/\/gerhardt-stipshausen.de\/index.php\/wp-json\/wp\/v2\/pages"}],"about":[{"href":"https:\/\/gerhardt-stipshausen.de\/index.php\/wp-json\/wp\/v2\/types\/page"}],"author":[{"embeddable":true,"href":"https:\/\/gerhardt-stipshausen.de\/index.php\/wp-json\/wp\/v2\/users\/1"}],"replies":[{"embeddable":true,"href":"https:\/\/gerhardt-stipshausen.de\/index.php\/wp-json\/wp\/v2\/comments?post=58"}],"version-history":[{"count":18,"href":"https:\/\/gerhardt-stipshausen.de\/index.php\/wp-json\/wp\/v2\/pages\/58\/revisions"}],"predecessor-version":[{"id":309,"href":"https:\/\/gerhardt-stipshausen.de\/index.php\/wp-json\/wp\/v2\/pages\/58\/revisions\/309"}],"wp:attachment":[{"href":"https:\/\/gerhardt-stipshausen.de\/index.php\/wp-json\/wp\/v2\/media?parent=58"}],"curies":[{"name":"wp","href":"https:\/\/api.w.org\/{rel}","templated":true}]}}