{"id":316,"date":"2022-09-14T18:03:55","date_gmt":"2022-09-14T18:03:55","guid":{"rendered":"https:\/\/gerhardt-stipshausen.de\/?page_id=316"},"modified":"2022-09-20T08:03:01","modified_gmt":"2022-09-20T08:03:01","slug":"streicheltiere","status":"publish","type":"page","link":"https:\/\/gerhardt-stipshausen.de\/index.php\/streicheltiere\/","title":{"rendered":"streicheltiere"},"content":{"rendered":"\n<figure class=\"wp-block-image size-large\"><img loading=\"lazy\" decoding=\"async\" width=\"1024\" height=\"18\" src=\"https:\/\/gerhardt-stipshausen.de\/wp-content\/uploads\/2022\/09\/Linie-OK-2-1024x18.gif\" alt=\"\" class=\"wp-image-216\" srcset=\"https:\/\/gerhardt-stipshausen.de\/wp-content\/uploads\/2022\/09\/Linie-OK-2-1024x18.gif 1024w, https:\/\/gerhardt-stipshausen.de\/wp-content\/uploads\/2022\/09\/Linie-OK-2-300x5.gif 300w, https:\/\/gerhardt-stipshausen.de\/wp-content\/uploads\/2022\/09\/Linie-OK-2-768x13.gif 768w\" sizes=\"auto, (max-width: 767px) 89vw, (max-width: 1000px) 54vw, (max-width: 1071px) 543px, 580px\" \/><\/figure>\n\n\n\n<p class=\"has-black-color has-text-color has-medium-font-size\"><strong>Wichtig ist f\u00fcr uns, Kindern und Erwachsene das Landleben n\u00e4herzubringen.<\/strong><br>Daher bieten wir immer wieder Events zur Aufkl\u00e4rung an.<br>So findet am Ostersamstag allj\u00e4hrlich das<strong><a href=\"https:\/\/gerhardt-stipshausen.de\/index.php\/unsere-feste\/\">\u00bbL\u00e4mmcha gugge\u00ab <\/a><\/strong>statt.<br>Ebenso warten Ponys, Esel und Kaninchen auf Streicheleinheiten.<\/p>\n\n\n\n<div class=\"alignnormal\"><div id=\"metaslider-id-367\" style=\"width: 100%;\" class=\"ml-slider-3-108-0 metaslider metaslider-flex metaslider-367 ml-slider has-dots-nav ms-theme-default\" role=\"region\" aria-label=\"streicheltiere\" data-height=\"501\" data-width=\"700\">\n    <div id=\"metaslider_container_367\">\n        <div id=\"metaslider_367\">\n            <ul class='slides'>\n                <li style=\"display: block; width: 100%;\" class=\"slide-384 ms-image \" aria-roledescription=\"slide\" data-date=\"2022-09-16 18:26:17\" data-filename=\"Esel-1-700x501.jpg\" data-slide-type=\"image\"><img loading=\"lazy\" decoding=\"async\" src=\"https:\/\/gerhardt-stipshausen.de\/wp-content\/uploads\/2022\/09\/Esel-1-700x501.jpg\" height=\"501\" width=\"700\" alt=\"\" class=\"slider-367 slide-384 msDefaultImage\" title=\"Esel\" \/><\/li>\n                <li style=\"display: none; width: 100%;\" class=\"slide-385 ms-image \" aria-roledescription=\"slide\" data-date=\"2022-09-16 18:26:53\" data-filename=\"IMG_20190620_093410-scaled-700x501.jpg\" data-slide-type=\"image\"><img loading=\"lazy\" decoding=\"async\" src=\"https:\/\/gerhardt-stipshausen.de\/wp-content\/uploads\/2022\/09\/IMG_20190620_093410-scaled-700x501.jpg\" height=\"501\" width=\"700\" alt=\"\" class=\"slider-367 slide-385 msDefaultImage\" title=\"IMG_20190620_093410\" \/><\/li>\n                <li style=\"display: none; width: 100%;\" class=\"slide-386 ms-image \" aria-roledescription=\"slide\" data-date=\"2022-09-16 18:26:54\" data-filename=\"IMG-20210131-WA0008-1-700x501.jpg\" data-slide-type=\"image\"><img loading=\"lazy\" decoding=\"async\" src=\"https:\/\/gerhardt-stipshausen.de\/wp-content\/uploads\/2022\/09\/IMG-20210131-WA0008-1-700x501.jpg\" height=\"501\" width=\"700\" alt=\"\" class=\"slider-367 slide-386 msDefaultImage\" title=\"IMG-20210131-WA0008\" \/><\/li>\n                <li style=\"display: none; width: 100%;\" class=\"slide-387 ms-image \" aria-roledescription=\"slide\" data-date=\"2022-09-16 18:26:54\" data-filename=\"IMG_20200524_164929-scaled-700x501.jpg\" data-slide-type=\"image\"><img loading=\"lazy\" decoding=\"async\" src=\"https:\/\/gerhardt-stipshausen.de\/wp-content\/uploads\/2022\/09\/IMG_20200524_164929-scaled-700x501.jpg\" height=\"501\" width=\"700\" alt=\"\" class=\"slider-367 slide-387 msDefaultImage\" title=\"IMG_20200524_164929\" \/><\/li>\n                <li style=\"display: none; width: 100%;\" class=\"slide-392 ms-image \" aria-roledescription=\"slide\" data-date=\"2022-09-16 18:28:09\" data-filename=\"Esselin-700x501.jpg\" data-slide-type=\"image\"><img loading=\"lazy\" decoding=\"async\" src=\"https:\/\/gerhardt-stipshausen.de\/wp-content\/uploads\/2022\/09\/Esselin-700x501.jpg\" height=\"501\" width=\"700\" alt=\"\" class=\"slider-367 slide-392 msDefaultImage\" title=\"Esselin\" \/><\/li>\n                <li style=\"display: none; width: 100%;\" class=\"slide-394 ms-image \" aria-roledescription=\"slide\" data-date=\"2022-09-16 18:28:10\" data-filename=\"Pferd-Fohlen2-700x501.jpg\" data-slide-type=\"image\"><img loading=\"lazy\" decoding=\"async\" src=\"https:\/\/gerhardt-stipshausen.de\/wp-content\/uploads\/2022\/09\/Pferd-Fohlen2-700x501.jpg\" height=\"501\" width=\"700\" alt=\"\" class=\"slider-367 slide-394 msDefaultImage\" title=\"Pferd-Fohlen2\" \/><\/li>\n                <li style=\"display: none; width: 100%;\" class=\"slide-397 ms-image \" aria-roledescription=\"slide\" data-date=\"2022-09-16 18:32:23\" data-filename=\"Andre-Pony-700x501.jpg\" data-slide-type=\"image\"><img loading=\"lazy\" decoding=\"async\" src=\"https:\/\/gerhardt-stipshausen.de\/wp-content\/uploads\/2022\/09\/Andre-Pony-700x501.jpg\" height=\"501\" width=\"700\" alt=\"\" class=\"slider-367 slide-397 msDefaultImage\" title=\"Andre-Pony\" \/><\/li>\n            <\/ul>\n        <\/div>\n        \n    <\/div>\n<\/div><\/div>\n\n\n\n<figure class=\"wp-block-image size-large\"><img loading=\"lazy\" decoding=\"async\" width=\"1024\" height=\"18\" src=\"https:\/\/gerhardt-stipshausen.de\/wp-content\/uploads\/2022\/09\/Linie-OK-2-1024x18.gif\" alt=\"\" class=\"wp-image-216\" srcset=\"https:\/\/gerhardt-stipshausen.de\/wp-content\/uploads\/2022\/09\/Linie-OK-2-1024x18.gif 1024w, https:\/\/gerhardt-stipshausen.de\/wp-content\/uploads\/2022\/09\/Linie-OK-2-300x5.gif 300w, https:\/\/gerhardt-stipshausen.de\/wp-content\/uploads\/2022\/09\/Linie-OK-2-768x13.gif 768w\" sizes=\"auto, (max-width: 767px) 89vw, (max-width: 1000px) 54vw, (max-width: 1071px) 543px, 580px\" \/><\/figure>\n","protected":false},"excerpt":{"rendered":"<p>Wichtig ist f\u00fcr uns, Kindern und Erwachsene das Landleben n\u00e4herzubringen.Daher bieten wir immer wieder Events zur Aufkl\u00e4rung an.So findet am Ostersamstag allj\u00e4hrlich das\u00bbL\u00e4mmcha gugge\u00ab statt.Ebenso warten Ponys, Esel und Kaninchen auf Streicheleinheiten.<\/p>\n","protected":false},"author":1,"featured_media":0,"parent":0,"menu_order":0,"comment_status":"closed","ping_status":"closed","template":"","meta":{"ngg_post_thumbnail":0,"footnotes":""},"class_list":["post-316","page","type-page","status-publish","hentry"],"yoast_head":"<!-- This site is optimized with the Yoast SEO plugin v27.5 - https:\/\/yoast.com\/product\/yoast-seo-wordpress\/ -->\n<title>streicheltiere - Hofladen Gerhardt Stipshausen<\/title>\n<meta name=\"robots\" content=\"index, follow, max-snippet:-1, max-image-preview:large, max-video-preview:-1\" \/>\n<link rel=\"canonical\" href=\"https:\/\/gerhardt-stipshausen.de\/index.php\/streicheltiere\/\" \/>\n<meta property=\"og:locale\" content=\"de_DE\" \/>\n<meta property=\"og:type\" content=\"article\" \/>\n<meta property=\"og:title\" content=\"streicheltiere - Hofladen Gerhardt Stipshausen\" \/>\n<meta property=\"og:description\" content=\"Wichtig ist f\u00fcr uns, Kindern und Erwachsene das Landleben n\u00e4herzubringen.Daher bieten wir immer wieder Events zur Aufkl\u00e4rung an.So findet am Ostersamstag allj\u00e4hrlich das\u00bbL\u00e4mmcha gugge\u00ab statt.Ebenso warten Ponys, Esel und Kaninchen auf Streicheleinheiten.\" \/>\n<meta property=\"og:url\" content=\"https:\/\/gerhardt-stipshausen.de\/index.php\/streicheltiere\/\" \/>\n<meta property=\"og:site_name\" content=\"Hofladen Gerhardt Stipshausen\" \/>\n<meta property=\"article:modified_time\" content=\"2022-09-20T08:03:01+00:00\" \/>\n<meta property=\"og:image\" content=\"https:\/\/gerhardt-stipshausen.de\/wp-content\/uploads\/2022\/09\/Linie-OK-2-1024x18.gif\" \/>\n<meta name=\"twitter:card\" content=\"summary_large_image\" \/>\n<meta name=\"twitter:label1\" content=\"Gesch\u00e4tzte Lesezeit\" \/>\n\t<meta name=\"twitter:data1\" content=\"1\u00a0Minute\" \/>\n<script type=\"application\/ld+json\" class=\"yoast-schema-graph\">{\"@context\":\"https:\\\/\\\/schema.org\",\"@graph\":[{\"@type\":\"WebPage\",\"@id\":\"https:\\\/\\\/gerhardt-stipshausen.de\\\/index.php\\\/streicheltiere\\\/\",\"url\":\"https:\\\/\\\/gerhardt-stipshausen.de\\\/index.php\\\/streicheltiere\\\/\",\"name\":\"streicheltiere - Hofladen Gerhardt Stipshausen\",\"isPartOf\":{\"@id\":\"https:\\\/\\\/gerhardt-stipshausen.de\\\/#website\"},\"primaryImageOfPage\":{\"@id\":\"https:\\\/\\\/gerhardt-stipshausen.de\\\/index.php\\\/streicheltiere\\\/#primaryimage\"},\"image\":{\"@id\":\"https:\\\/\\\/gerhardt-stipshausen.de\\\/index.php\\\/streicheltiere\\\/#primaryimage\"},\"thumbnailUrl\":\"https:\\\/\\\/gerhardt-stipshausen.de\\\/wp-content\\\/uploads\\\/2022\\\/09\\\/Linie-OK-2-1024x18.gif\",\"datePublished\":\"2022-09-14T18:03:55+00:00\",\"dateModified\":\"2022-09-20T08:03:01+00:00\",\"breadcrumb\":{\"@id\":\"https:\\\/\\\/gerhardt-stipshausen.de\\\/index.php\\\/streicheltiere\\\/#breadcrumb\"},\"inLanguage\":\"de\",\"potentialAction\":[{\"@type\":\"ReadAction\",\"target\":[\"https:\\\/\\\/gerhardt-stipshausen.de\\\/index.php\\\/streicheltiere\\\/\"]}]},{\"@type\":\"ImageObject\",\"inLanguage\":\"de\",\"@id\":\"https:\\\/\\\/gerhardt-stipshausen.de\\\/index.php\\\/streicheltiere\\\/#primaryimage\",\"url\":\"https:\\\/\\\/gerhardt-stipshausen.de\\\/wp-content\\\/uploads\\\/2022\\\/09\\\/Linie-OK-2.gif\",\"contentUrl\":\"https:\\\/\\\/gerhardt-stipshausen.de\\\/wp-content\\\/uploads\\\/2022\\\/09\\\/Linie-OK-2.gif\",\"width\":1500,\"height\":26},{\"@type\":\"BreadcrumbList\",\"@id\":\"https:\\\/\\\/gerhardt-stipshausen.de\\\/index.php\\\/streicheltiere\\\/#breadcrumb\",\"itemListElement\":[{\"@type\":\"ListItem\",\"position\":1,\"name\":\"Startseite\",\"item\":\"https:\\\/\\\/gerhardt-stipshausen.de\\\/\"},{\"@type\":\"ListItem\",\"position\":2,\"name\":\"streicheltiere\"}]},{\"@type\":\"WebSite\",\"@id\":\"https:\\\/\\\/gerhardt-stipshausen.de\\\/#website\",\"url\":\"https:\\\/\\\/gerhardt-stipshausen.de\\\/\",\"name\":\"Hofladen Gerhardt Stipshausen\",\"description\":\"LANDFRISCHE LEBENSMITTEL &amp; MEHR DIREKT VOM BAUERNHOF\",\"publisher\":{\"@id\":\"https:\\\/\\\/gerhardt-stipshausen.de\\\/#organization\"},\"potentialAction\":[{\"@type\":\"SearchAction\",\"target\":{\"@type\":\"EntryPoint\",\"urlTemplate\":\"https:\\\/\\\/gerhardt-stipshausen.de\\\/?s={search_term_string}\"},\"query-input\":{\"@type\":\"PropertyValueSpecification\",\"valueRequired\":true,\"valueName\":\"search_term_string\"}}],\"inLanguage\":\"de\"},{\"@type\":\"Organization\",\"@id\":\"https:\\\/\\\/gerhardt-stipshausen.de\\\/#organization\",\"name\":\"Hofladen Gerhardt Stipshausen\",\"url\":\"https:\\\/\\\/gerhardt-stipshausen.de\\\/\",\"logo\":{\"@type\":\"ImageObject\",\"inLanguage\":\"de\",\"@id\":\"https:\\\/\\\/gerhardt-stipshausen.de\\\/#\\\/schema\\\/logo\\\/image\\\/\",\"url\":\"https:\\\/\\\/gerhardt-stipshausen.de\\\/wp-content\\\/uploads\\\/2022\\\/09\\\/cropped-Logo2_HOFLADEN-obenKlein-1.gif\",\"contentUrl\":\"https:\\\/\\\/gerhardt-stipshausen.de\\\/wp-content\\\/uploads\\\/2022\\\/09\\\/cropped-Logo2_HOFLADEN-obenKlein-1.gif\",\"width\":180,\"height\":171,\"caption\":\"Hofladen Gerhardt Stipshausen\"},\"image\":{\"@id\":\"https:\\\/\\\/gerhardt-stipshausen.de\\\/#\\\/schema\\\/logo\\\/image\\\/\"}}]}<\/script>\n<!-- \/ Yoast SEO plugin. -->","yoast_head_json":{"title":"streicheltiere - Hofladen Gerhardt Stipshausen","robots":{"index":"index","follow":"follow","max-snippet":"max-snippet:-1","max-image-preview":"max-image-preview:large","max-video-preview":"max-video-preview:-1"},"canonical":"https:\/\/gerhardt-stipshausen.de\/index.php\/streicheltiere\/","og_locale":"de_DE","og_type":"article","og_title":"streicheltiere - Hofladen Gerhardt Stipshausen","og_description":"Wichtig ist f\u00fcr uns, Kindern und Erwachsene das Landleben n\u00e4herzubringen.Daher bieten wir immer wieder Events zur Aufkl\u00e4rung an.So findet am Ostersamstag allj\u00e4hrlich das\u00bbL\u00e4mmcha gugge\u00ab statt.Ebenso warten Ponys, Esel und Kaninchen auf Streicheleinheiten.","og_url":"https:\/\/gerhardt-stipshausen.de\/index.php\/streicheltiere\/","og_site_name":"Hofladen Gerhardt Stipshausen","article_modified_time":"2022-09-20T08:03:01+00:00","og_image":[{"url":"https:\/\/gerhardt-stipshausen.de\/wp-content\/uploads\/2022\/09\/Linie-OK-2-1024x18.gif","type":"","width":"","height":""}],"twitter_card":"summary_large_image","twitter_misc":{"Gesch\u00e4tzte Lesezeit":"1\u00a0Minute"},"schema":{"@context":"https:\/\/schema.org","@graph":[{"@type":"WebPage","@id":"https:\/\/gerhardt-stipshausen.de\/index.php\/streicheltiere\/","url":"https:\/\/gerhardt-stipshausen.de\/index.php\/streicheltiere\/","name":"streicheltiere - Hofladen Gerhardt Stipshausen","isPartOf":{"@id":"https:\/\/gerhardt-stipshausen.de\/#website"},"primaryImageOfPage":{"@id":"https:\/\/gerhardt-stipshausen.de\/index.php\/streicheltiere\/#primaryimage"},"image":{"@id":"https:\/\/gerhardt-stipshausen.de\/index.php\/streicheltiere\/#primaryimage"},"thumbnailUrl":"https:\/\/gerhardt-stipshausen.de\/wp-content\/uploads\/2022\/09\/Linie-OK-2-1024x18.gif","datePublished":"2022-09-14T18:03:55+00:00","dateModified":"2022-09-20T08:03:01+00:00","breadcrumb":{"@id":"https:\/\/gerhardt-stipshausen.de\/index.php\/streicheltiere\/#breadcrumb"},"inLanguage":"de","potentialAction":[{"@type":"ReadAction","target":["https:\/\/gerhardt-stipshausen.de\/index.php\/streicheltiere\/"]}]},{"@type":"ImageObject","inLanguage":"de","@id":"https:\/\/gerhardt-stipshausen.de\/index.php\/streicheltiere\/#primaryimage","url":"https:\/\/gerhardt-stipshausen.de\/wp-content\/uploads\/2022\/09\/Linie-OK-2.gif","contentUrl":"https:\/\/gerhardt-stipshausen.de\/wp-content\/uploads\/2022\/09\/Linie-OK-2.gif","width":1500,"height":26},{"@type":"BreadcrumbList","@id":"https:\/\/gerhardt-stipshausen.de\/index.php\/streicheltiere\/#breadcrumb","itemListElement":[{"@type":"ListItem","position":1,"name":"Startseite","item":"https:\/\/gerhardt-stipshausen.de\/"},{"@type":"ListItem","position":2,"name":"streicheltiere"}]},{"@type":"WebSite","@id":"https:\/\/gerhardt-stipshausen.de\/#website","url":"https:\/\/gerhardt-stipshausen.de\/","name":"Hofladen Gerhardt Stipshausen","description":"LANDFRISCHE LEBENSMITTEL &amp; MEHR DIREKT VOM BAUERNHOF","publisher":{"@id":"https:\/\/gerhardt-stipshausen.de\/#organization"},"potentialAction":[{"@type":"SearchAction","target":{"@type":"EntryPoint","urlTemplate":"https:\/\/gerhardt-stipshausen.de\/?s={search_term_string}"},"query-input":{"@type":"PropertyValueSpecification","valueRequired":true,"valueName":"search_term_string"}}],"inLanguage":"de"},{"@type":"Organization","@id":"https:\/\/gerhardt-stipshausen.de\/#organization","name":"Hofladen Gerhardt Stipshausen","url":"https:\/\/gerhardt-stipshausen.de\/","logo":{"@type":"ImageObject","inLanguage":"de","@id":"https:\/\/gerhardt-stipshausen.de\/#\/schema\/logo\/image\/","url":"https:\/\/gerhardt-stipshausen.de\/wp-content\/uploads\/2022\/09\/cropped-Logo2_HOFLADEN-obenKlein-1.gif","contentUrl":"https:\/\/gerhardt-stipshausen.de\/wp-content\/uploads\/2022\/09\/cropped-Logo2_HOFLADEN-obenKlein-1.gif","width":180,"height":171,"caption":"Hofladen Gerhardt Stipshausen"},"image":{"@id":"https:\/\/gerhardt-stipshausen.de\/#\/schema\/logo\/image\/"}}]}},"_links":{"self":[{"href":"https:\/\/gerhardt-stipshausen.de\/index.php\/wp-json\/wp\/v2\/pages\/316","targetHints":{"allow":["GET"]}}],"collection":[{"href":"https:\/\/gerhardt-stipshausen.de\/index.php\/wp-json\/wp\/v2\/pages"}],"about":[{"href":"https:\/\/gerhardt-stipshausen.de\/index.php\/wp-json\/wp\/v2\/types\/page"}],"author":[{"embeddable":true,"href":"https:\/\/gerhardt-stipshausen.de\/index.php\/wp-json\/wp\/v2\/users\/1"}],"replies":[{"embeddable":true,"href":"https:\/\/gerhardt-stipshausen.de\/index.php\/wp-json\/wp\/v2\/comments?post=316"}],"version-history":[{"count":4,"href":"https:\/\/gerhardt-stipshausen.de\/index.php\/wp-json\/wp\/v2\/pages\/316\/revisions"}],"predecessor-version":[{"id":571,"href":"https:\/\/gerhardt-stipshausen.de\/index.php\/wp-json\/wp\/v2\/pages\/316\/revisions\/571"}],"wp:attachment":[{"href":"https:\/\/gerhardt-stipshausen.de\/index.php\/wp-json\/wp\/v2\/media?parent=316"}],"curies":[{"name":"wp","href":"https:\/\/api.w.org\/{rel}","templated":true}]}}