{"id":315,"date":"2022-09-14T18:03:54","date_gmt":"2022-09-14T18:03:54","guid":{"rendered":"https:\/\/gerhardt-stipshausen.de\/?page_id=315"},"modified":"2023-12-05T18:26:59","modified_gmt":"2023-12-05T18:26:59","slug":"eplr-eulle","status":"publish","type":"page","link":"https:\/\/gerhardt-stipshausen.de\/index.php\/eplr-eulle\/","title":{"rendered":"EPLR EULLE"},"content":{"rendered":"\n<figure class=\"wp-block-image size-large\"><img loading=\"lazy\" decoding=\"async\" width=\"1024\" height=\"18\" src=\"https:\/\/gerhardt-stipshausen.de\/wp-content\/uploads\/2022\/09\/Linie-OK-2-1024x18.gif\" alt=\"\" class=\"wp-image-216\" srcset=\"https:\/\/gerhardt-stipshausen.de\/wp-content\/uploads\/2022\/09\/Linie-OK-2-1024x18.gif 1024w, https:\/\/gerhardt-stipshausen.de\/wp-content\/uploads\/2022\/09\/Linie-OK-2-300x5.gif 300w, https:\/\/gerhardt-stipshausen.de\/wp-content\/uploads\/2022\/09\/Linie-OK-2-768x13.gif 768w\" sizes=\"auto, (max-width: 767px) 89vw, (max-width: 1000px) 54vw, (max-width: 1071px) 543px, 580px\" \/><\/figure>\n\n\n\n<p>EPLR EULLE Publizit\u00e4t:<\/p>\n\n\n\n<figure class=\"wp-block-table\"><table><tbody><tr><td><em><strong> 1. Kofinanzierung durch Land und Bund im Rahmen der GAK: <\/strong><\/em><br><br>Mein Unternehmen Landwirtschaft Anke Gerhardt Stipshausen, erh\u00e4lt im Rahmen des vom Ministerium f\u00fcr Wirtschaft, Verkehr, Landwirtschaft und Weinbau verwalteten rheinlandpf\u00e4lzischen Entwicklungsprogramms &#8222;Umweltma\u00dfnahmen, L\u00e4ndliche Entwicklung, Landwirtschaft, Ern\u00e4hrung&#8220; (EULLE) durch den Europ\u00e4ischen Landwirtschaftsfonds f\u00fcr die Entwicklung des l\u00e4ndlichen Raums (ELER) kofinanziert durch das Land und den Bund im Rahmen der Gemeinschaftsaufgabe &#8222;Verbesserung der Agrarstruktur und des K\u00fcstenschutzes&#8220; (GAK) eine F\u00f6rderung f\u00fcr seine Leistungen:<br><br>    &#8211; <strong>Im \u00d6kologischen Landbau<\/strong> <br>    &#8211; I<strong>n den Agrar- und Klimama\u00dfnahmen:<\/strong> <br>              &#8211; Vielf\u00e4ltige Kulturen im Ackerbau<br>   &#8211; F\u00f6rderung von einzelbetrieblichen Investitionen in der Landwirtschaft<br>    &#8211; Agrarinvestitionsf\u00f6rderungsprogramm (AFP)<\/td><\/tr><tr><td><strong><em>2. Kofinanzierung durch das Land: <\/em><\/strong><br><br>Mein Unternehmen Hofladen Gerhardt Stipshausen, erh\u00e4lt im Rahmen des vom Ministerium f\u00fcr Wirtschaft, Verkehr, Landwirtschaft und Weinbau verwalteten rheinlandpf\u00e4lzischen Entwicklungsprogramms &#8222;Umweltma\u00dfnahmen, L\u00e4ndliche Entwicklung, Landwirtschaft, Ern\u00e4hrung&#8220; (EULLE) durch die Europ\u00e4ischen <br>Landwirtschaftsfonds f\u00fcr die Entwicklung des l\u00e4ndlichen Raums (ELER) kofinanziert durch das Land eine F\u00f6rderung f\u00fcr seine Leistungen: <br><br>    &#8211; I<strong>n den Agrar- und Klimama\u00dfnahmen:<\/strong> <br>               &#8211; Umweltschonende Gr\u00fcnlandbewirtschaftung im Unternehmen und tiergerechte         Haltung auf Gr\u00fcnland<\/td><\/tr><\/tbody><\/table><\/figure>\n\n\n\n<figure class=\"wp-block-image size-full\"><img loading=\"lazy\" decoding=\"async\" width=\"656\" height=\"85\" src=\"https:\/\/gerhardt-stipshausen.de\/wp-content\/uploads\/2022\/09\/eplreulle-logos.jpg\" alt=\"\" class=\"wp-image-423\" srcset=\"https:\/\/gerhardt-stipshausen.de\/wp-content\/uploads\/2022\/09\/eplreulle-logos.jpg 656w, https:\/\/gerhardt-stipshausen.de\/wp-content\/uploads\/2022\/09\/eplreulle-logos-300x39.jpg 300w\" sizes=\"auto, (max-width: 656px) 100vw, 656px\" \/><\/figure>\n\n\n\n<figure class=\"wp-block-image size-large\"><img loading=\"lazy\" decoding=\"async\" width=\"1024\" height=\"18\" src=\"https:\/\/gerhardt-stipshausen.de\/wp-content\/uploads\/2022\/09\/Linie-OK-2-1024x18.gif\" alt=\"\" class=\"wp-image-216\" srcset=\"https:\/\/gerhardt-stipshausen.de\/wp-content\/uploads\/2022\/09\/Linie-OK-2-1024x18.gif 1024w, https:\/\/gerhardt-stipshausen.de\/wp-content\/uploads\/2022\/09\/Linie-OK-2-300x5.gif 300w, https:\/\/gerhardt-stipshausen.de\/wp-content\/uploads\/2022\/09\/Linie-OK-2-768x13.gif 768w\" sizes=\"auto, (max-width: 767px) 89vw, (max-width: 1000px) 54vw, (max-width: 1071px) 543px, 580px\" \/><\/figure>\n","protected":false},"excerpt":{"rendered":"<p>EPLR EULLE Publizit\u00e4t: 1. Kofinanzierung durch Land und Bund im Rahmen der GAK: Mein Unternehmen Landwirtschaft Anke Gerhardt Stipshausen, erh\u00e4lt im Rahmen des vom Ministerium f\u00fcr Wirtschaft, Verkehr, Landwirtschaft und Weinbau verwalteten rheinlandpf\u00e4lzischen Entwicklungsprogramms &#8222;Umweltma\u00dfnahmen, L\u00e4ndliche Entwicklung, Landwirtschaft, Ern\u00e4hrung&#8220; (EULLE) durch den Europ\u00e4ischen Landwirtschaftsfonds f\u00fcr die Entwicklung des l\u00e4ndlichen Raums (ELER) kofinanziert durch das Land &hellip; <\/p>\n<p class=\"link-more\"><a href=\"https:\/\/gerhardt-stipshausen.de\/index.php\/eplr-eulle\/\" class=\"more-link\"><span class=\"screen-reader-text\">\u201eEPLR EULLE\u201c <\/span>weiterlesen<\/a><\/p>\n","protected":false},"author":1,"featured_media":0,"parent":0,"menu_order":0,"comment_status":"closed","ping_status":"closed","template":"","meta":{"ngg_post_thumbnail":0,"footnotes":""},"class_list":["post-315","page","type-page","status-publish","hentry"],"yoast_head":"<!-- This site is optimized with the Yoast SEO plugin v27.5 - https:\/\/yoast.com\/product\/yoast-seo-wordpress\/ -->\n<title>EPLR EULLE - Hofladen Gerhardt Stipshausen<\/title>\n<meta name=\"robots\" content=\"index, follow, max-snippet:-1, max-image-preview:large, max-video-preview:-1\" \/>\n<link rel=\"canonical\" href=\"https:\/\/gerhardt-stipshausen.de\/index.php\/eplr-eulle\/\" \/>\n<meta property=\"og:locale\" content=\"de_DE\" \/>\n<meta property=\"og:type\" content=\"article\" \/>\n<meta property=\"og:title\" content=\"EPLR EULLE - Hofladen Gerhardt Stipshausen\" \/>\n<meta property=\"og:description\" content=\"EPLR EULLE Publizit\u00e4t: 1. Kofinanzierung durch Land und Bund im Rahmen der GAK: Mein Unternehmen Landwirtschaft Anke Gerhardt Stipshausen, erh\u00e4lt im Rahmen des vom Ministerium f\u00fcr Wirtschaft, Verkehr, Landwirtschaft und Weinbau verwalteten rheinlandpf\u00e4lzischen Entwicklungsprogramms &#8222;Umweltma\u00dfnahmen, L\u00e4ndliche Entwicklung, Landwirtschaft, Ern\u00e4hrung&#8220; (EULLE) durch den Europ\u00e4ischen Landwirtschaftsfonds f\u00fcr die Entwicklung des l\u00e4ndlichen Raums (ELER) kofinanziert durch das Land &hellip; \u201eEPLR EULLE\u201c weiterlesen\" \/>\n<meta property=\"og:url\" content=\"https:\/\/gerhardt-stipshausen.de\/index.php\/eplr-eulle\/\" \/>\n<meta property=\"og:site_name\" content=\"Hofladen Gerhardt Stipshausen\" \/>\n<meta property=\"article:modified_time\" content=\"2023-12-05T18:26:59+00:00\" \/>\n<meta property=\"og:image\" content=\"https:\/\/gerhardt-stipshausen.de\/wp-content\/uploads\/2022\/09\/Linie-OK-2-1024x18.gif\" \/>\n<meta name=\"twitter:card\" content=\"summary_large_image\" \/>\n<meta name=\"twitter:label1\" content=\"Gesch\u00e4tzte Lesezeit\" \/>\n\t<meta name=\"twitter:data1\" content=\"2\u00a0Minuten\" \/>\n<script type=\"application\/ld+json\" class=\"yoast-schema-graph\">{\"@context\":\"https:\\\/\\\/schema.org\",\"@graph\":[{\"@type\":\"WebPage\",\"@id\":\"https:\\\/\\\/gerhardt-stipshausen.de\\\/index.php\\\/eplr-eulle\\\/\",\"url\":\"https:\\\/\\\/gerhardt-stipshausen.de\\\/index.php\\\/eplr-eulle\\\/\",\"name\":\"EPLR EULLE - Hofladen Gerhardt Stipshausen\",\"isPartOf\":{\"@id\":\"https:\\\/\\\/gerhardt-stipshausen.de\\\/#website\"},\"primaryImageOfPage\":{\"@id\":\"https:\\\/\\\/gerhardt-stipshausen.de\\\/index.php\\\/eplr-eulle\\\/#primaryimage\"},\"image\":{\"@id\":\"https:\\\/\\\/gerhardt-stipshausen.de\\\/index.php\\\/eplr-eulle\\\/#primaryimage\"},\"thumbnailUrl\":\"https:\\\/\\\/gerhardt-stipshausen.de\\\/wp-content\\\/uploads\\\/2022\\\/09\\\/Linie-OK-2-1024x18.gif\",\"datePublished\":\"2022-09-14T18:03:54+00:00\",\"dateModified\":\"2023-12-05T18:26:59+00:00\",\"breadcrumb\":{\"@id\":\"https:\\\/\\\/gerhardt-stipshausen.de\\\/index.php\\\/eplr-eulle\\\/#breadcrumb\"},\"inLanguage\":\"de\",\"potentialAction\":[{\"@type\":\"ReadAction\",\"target\":[\"https:\\\/\\\/gerhardt-stipshausen.de\\\/index.php\\\/eplr-eulle\\\/\"]}]},{\"@type\":\"ImageObject\",\"inLanguage\":\"de\",\"@id\":\"https:\\\/\\\/gerhardt-stipshausen.de\\\/index.php\\\/eplr-eulle\\\/#primaryimage\",\"url\":\"https:\\\/\\\/gerhardt-stipshausen.de\\\/wp-content\\\/uploads\\\/2022\\\/09\\\/Linie-OK-2.gif\",\"contentUrl\":\"https:\\\/\\\/gerhardt-stipshausen.de\\\/wp-content\\\/uploads\\\/2022\\\/09\\\/Linie-OK-2.gif\",\"width\":1500,\"height\":26},{\"@type\":\"BreadcrumbList\",\"@id\":\"https:\\\/\\\/gerhardt-stipshausen.de\\\/index.php\\\/eplr-eulle\\\/#breadcrumb\",\"itemListElement\":[{\"@type\":\"ListItem\",\"position\":1,\"name\":\"Startseite\",\"item\":\"https:\\\/\\\/gerhardt-stipshausen.de\\\/\"},{\"@type\":\"ListItem\",\"position\":2,\"name\":\"EPLR EULLE\"}]},{\"@type\":\"WebSite\",\"@id\":\"https:\\\/\\\/gerhardt-stipshausen.de\\\/#website\",\"url\":\"https:\\\/\\\/gerhardt-stipshausen.de\\\/\",\"name\":\"Hofladen Gerhardt Stipshausen\",\"description\":\"LANDFRISCHE LEBENSMITTEL &amp; MEHR DIREKT VOM BAUERNHOF\",\"publisher\":{\"@id\":\"https:\\\/\\\/gerhardt-stipshausen.de\\\/#organization\"},\"potentialAction\":[{\"@type\":\"SearchAction\",\"target\":{\"@type\":\"EntryPoint\",\"urlTemplate\":\"https:\\\/\\\/gerhardt-stipshausen.de\\\/?s={search_term_string}\"},\"query-input\":{\"@type\":\"PropertyValueSpecification\",\"valueRequired\":true,\"valueName\":\"search_term_string\"}}],\"inLanguage\":\"de\"},{\"@type\":\"Organization\",\"@id\":\"https:\\\/\\\/gerhardt-stipshausen.de\\\/#organization\",\"name\":\"Hofladen Gerhardt Stipshausen\",\"url\":\"https:\\\/\\\/gerhardt-stipshausen.de\\\/\",\"logo\":{\"@type\":\"ImageObject\",\"inLanguage\":\"de\",\"@id\":\"https:\\\/\\\/gerhardt-stipshausen.de\\\/#\\\/schema\\\/logo\\\/image\\\/\",\"url\":\"https:\\\/\\\/gerhardt-stipshausen.de\\\/wp-content\\\/uploads\\\/2022\\\/09\\\/cropped-Logo2_HOFLADEN-obenKlein-1.gif\",\"contentUrl\":\"https:\\\/\\\/gerhardt-stipshausen.de\\\/wp-content\\\/uploads\\\/2022\\\/09\\\/cropped-Logo2_HOFLADEN-obenKlein-1.gif\",\"width\":180,\"height\":171,\"caption\":\"Hofladen Gerhardt Stipshausen\"},\"image\":{\"@id\":\"https:\\\/\\\/gerhardt-stipshausen.de\\\/#\\\/schema\\\/logo\\\/image\\\/\"}}]}<\/script>\n<!-- \/ Yoast SEO plugin. -->","yoast_head_json":{"title":"EPLR EULLE - Hofladen Gerhardt Stipshausen","robots":{"index":"index","follow":"follow","max-snippet":"max-snippet:-1","max-image-preview":"max-image-preview:large","max-video-preview":"max-video-preview:-1"},"canonical":"https:\/\/gerhardt-stipshausen.de\/index.php\/eplr-eulle\/","og_locale":"de_DE","og_type":"article","og_title":"EPLR EULLE - Hofladen Gerhardt Stipshausen","og_description":"EPLR EULLE Publizit\u00e4t: 1. Kofinanzierung durch Land und Bund im Rahmen der GAK: Mein Unternehmen Landwirtschaft Anke Gerhardt Stipshausen, erh\u00e4lt im Rahmen des vom Ministerium f\u00fcr Wirtschaft, Verkehr, Landwirtschaft und Weinbau verwalteten rheinlandpf\u00e4lzischen Entwicklungsprogramms &#8222;Umweltma\u00dfnahmen, L\u00e4ndliche Entwicklung, Landwirtschaft, Ern\u00e4hrung&#8220; (EULLE) durch den Europ\u00e4ischen Landwirtschaftsfonds f\u00fcr die Entwicklung des l\u00e4ndlichen Raums (ELER) kofinanziert durch das Land &hellip; \u201eEPLR EULLE\u201c weiterlesen","og_url":"https:\/\/gerhardt-stipshausen.de\/index.php\/eplr-eulle\/","og_site_name":"Hofladen Gerhardt Stipshausen","article_modified_time":"2023-12-05T18:26:59+00:00","og_image":[{"url":"https:\/\/gerhardt-stipshausen.de\/wp-content\/uploads\/2022\/09\/Linie-OK-2-1024x18.gif","type":"","width":"","height":""}],"twitter_card":"summary_large_image","twitter_misc":{"Gesch\u00e4tzte Lesezeit":"2\u00a0Minuten"},"schema":{"@context":"https:\/\/schema.org","@graph":[{"@type":"WebPage","@id":"https:\/\/gerhardt-stipshausen.de\/index.php\/eplr-eulle\/","url":"https:\/\/gerhardt-stipshausen.de\/index.php\/eplr-eulle\/","name":"EPLR EULLE - Hofladen Gerhardt Stipshausen","isPartOf":{"@id":"https:\/\/gerhardt-stipshausen.de\/#website"},"primaryImageOfPage":{"@id":"https:\/\/gerhardt-stipshausen.de\/index.php\/eplr-eulle\/#primaryimage"},"image":{"@id":"https:\/\/gerhardt-stipshausen.de\/index.php\/eplr-eulle\/#primaryimage"},"thumbnailUrl":"https:\/\/gerhardt-stipshausen.de\/wp-content\/uploads\/2022\/09\/Linie-OK-2-1024x18.gif","datePublished":"2022-09-14T18:03:54+00:00","dateModified":"2023-12-05T18:26:59+00:00","breadcrumb":{"@id":"https:\/\/gerhardt-stipshausen.de\/index.php\/eplr-eulle\/#breadcrumb"},"inLanguage":"de","potentialAction":[{"@type":"ReadAction","target":["https:\/\/gerhardt-stipshausen.de\/index.php\/eplr-eulle\/"]}]},{"@type":"ImageObject","inLanguage":"de","@id":"https:\/\/gerhardt-stipshausen.de\/index.php\/eplr-eulle\/#primaryimage","url":"https:\/\/gerhardt-stipshausen.de\/wp-content\/uploads\/2022\/09\/Linie-OK-2.gif","contentUrl":"https:\/\/gerhardt-stipshausen.de\/wp-content\/uploads\/2022\/09\/Linie-OK-2.gif","width":1500,"height":26},{"@type":"BreadcrumbList","@id":"https:\/\/gerhardt-stipshausen.de\/index.php\/eplr-eulle\/#breadcrumb","itemListElement":[{"@type":"ListItem","position":1,"name":"Startseite","item":"https:\/\/gerhardt-stipshausen.de\/"},{"@type":"ListItem","position":2,"name":"EPLR EULLE"}]},{"@type":"WebSite","@id":"https:\/\/gerhardt-stipshausen.de\/#website","url":"https:\/\/gerhardt-stipshausen.de\/","name":"Hofladen Gerhardt Stipshausen","description":"LANDFRISCHE LEBENSMITTEL &amp; MEHR DIREKT VOM BAUERNHOF","publisher":{"@id":"https:\/\/gerhardt-stipshausen.de\/#organization"},"potentialAction":[{"@type":"SearchAction","target":{"@type":"EntryPoint","urlTemplate":"https:\/\/gerhardt-stipshausen.de\/?s={search_term_string}"},"query-input":{"@type":"PropertyValueSpecification","valueRequired":true,"valueName":"search_term_string"}}],"inLanguage":"de"},{"@type":"Organization","@id":"https:\/\/gerhardt-stipshausen.de\/#organization","name":"Hofladen Gerhardt Stipshausen","url":"https:\/\/gerhardt-stipshausen.de\/","logo":{"@type":"ImageObject","inLanguage":"de","@id":"https:\/\/gerhardt-stipshausen.de\/#\/schema\/logo\/image\/","url":"https:\/\/gerhardt-stipshausen.de\/wp-content\/uploads\/2022\/09\/cropped-Logo2_HOFLADEN-obenKlein-1.gif","contentUrl":"https:\/\/gerhardt-stipshausen.de\/wp-content\/uploads\/2022\/09\/cropped-Logo2_HOFLADEN-obenKlein-1.gif","width":180,"height":171,"caption":"Hofladen Gerhardt Stipshausen"},"image":{"@id":"https:\/\/gerhardt-stipshausen.de\/#\/schema\/logo\/image\/"}}]}},"_links":{"self":[{"href":"https:\/\/gerhardt-stipshausen.de\/index.php\/wp-json\/wp\/v2\/pages\/315","targetHints":{"allow":["GET"]}}],"collection":[{"href":"https:\/\/gerhardt-stipshausen.de\/index.php\/wp-json\/wp\/v2\/pages"}],"about":[{"href":"https:\/\/gerhardt-stipshausen.de\/index.php\/wp-json\/wp\/v2\/types\/page"}],"author":[{"embeddable":true,"href":"https:\/\/gerhardt-stipshausen.de\/index.php\/wp-json\/wp\/v2\/users\/1"}],"replies":[{"embeddable":true,"href":"https:\/\/gerhardt-stipshausen.de\/index.php\/wp-json\/wp\/v2\/comments?post=315"}],"version-history":[{"count":6,"href":"https:\/\/gerhardt-stipshausen.de\/index.php\/wp-json\/wp\/v2\/pages\/315\/revisions"}],"predecessor-version":[{"id":681,"href":"https:\/\/gerhardt-stipshausen.de\/index.php\/wp-json\/wp\/v2\/pages\/315\/revisions\/681"}],"wp:attachment":[{"href":"https:\/\/gerhardt-stipshausen.de\/index.php\/wp-json\/wp\/v2\/media?parent=315"}],"curies":[{"name":"wp","href":"https:\/\/api.w.org\/{rel}","templated":true}]}}