{"id":312,"date":"2022-09-14T18:03:54","date_gmt":"2022-09-14T18:03:54","guid":{"rendered":"https:\/\/gerhardt-stipshausen.de\/?page_id=312"},"modified":"2024-03-13T10:54:02","modified_gmt":"2024-03-13T10:54:02","slug":"unsere-feste","status":"publish","type":"page","link":"https:\/\/gerhardt-stipshausen.de\/index.php\/unsere-feste\/","title":{"rendered":"Unsere Feste"},"content":{"rendered":"\n<figure class=\"wp-block-image size-large\"><img loading=\"lazy\" decoding=\"async\" width=\"1024\" height=\"18\" src=\"https:\/\/gerhardt-stipshausen.de\/wp-content\/uploads\/2022\/09\/Linie-OK-2-1024x18.gif\" alt=\"\" class=\"wp-image-216\" srcset=\"https:\/\/gerhardt-stipshausen.de\/wp-content\/uploads\/2022\/09\/Linie-OK-2-1024x18.gif 1024w, https:\/\/gerhardt-stipshausen.de\/wp-content\/uploads\/2022\/09\/Linie-OK-2-300x5.gif 300w, https:\/\/gerhardt-stipshausen.de\/wp-content\/uploads\/2022\/09\/Linie-OK-2-768x13.gif 768w\" sizes=\"auto, (max-width: 767px) 89vw, (max-width: 1000px) 54vw, (max-width: 1071px) 543px, 580px\" \/><\/figure>\n\n\n\n<p class=\"has-black-color has-text-color has-medium-font-size\"><strong>&#8222;L\u00e4mmcha gugge&#8220; Osterwanderung 2024, kann aus organisatorischen Gr\u00fcnden leider nicht stattfinden.<\/strong><\/p>\n\n\n\n<p class=\"has-black-color has-text-color has-medium-font-size\"><strong>Termin: Immer Ostersamstag<\/strong>, mit dem Sch\u00e4fer Karsten Gerhardt im Schafstall zur Begr\u00fc\u00dfung der neugeborenen L\u00e4mmer! Dabei k\u00f6nnen die jungen L\u00e4mmer bestaunt und gestreichelt werden, was sicherlich nicht nur f\u00fcr Kinder sondern auch f\u00fcr Erwachsene ein Erlebnis sein wird. Die Besucher haben die M\u00f6glichkeit hinter die Kulissen der Schafhaltung zu blicken und sich \u00fcber die veschiedenen Rassen, deren Haltung, usw. zu informieren.<\/p>\n\n\n\n<div class=\"alignnormal\"><div id=\"metaslider-id-400\" style=\"width: 100%;\" class=\"ml-slider-3-108-0 metaslider metaslider-flex metaslider-400 ml-slider has-dots-nav ms-theme-default\" role=\"region\" aria-label=\"Feste\" data-height=\"501\" data-width=\"700\">\n    <div id=\"metaslider_container_400\">\n        <div id=\"metaslider_400\">\n            <ul class='slides'>\n                <li style=\"display: block; width: 100%;\" class=\"slide-403 ms-image \" aria-roledescription=\"slide\" data-date=\"2022-09-16 18:36:51\" data-filename=\"Laemmche-Gugge3-700x501.jpg\" data-slide-type=\"image\"><img loading=\"lazy\" decoding=\"async\" src=\"https:\/\/gerhardt-stipshausen.de\/wp-content\/uploads\/2022\/09\/Laemmche-Gugge3-700x501.jpg\" height=\"501\" width=\"700\" alt=\"\" class=\"slider-400 slide-403 msDefaultImage\" title=\"L\u00e4mmche Gugge3\" \/><\/li>\n                <li style=\"display: none; width: 100%;\" class=\"slide-404 ms-image \" aria-roledescription=\"slide\" data-date=\"2022-09-16 18:37:02\" data-filename=\"Wanderung-700x501.jpg\" data-slide-type=\"image\"><img loading=\"lazy\" decoding=\"async\" src=\"https:\/\/gerhardt-stipshausen.de\/wp-content\/uploads\/2022\/09\/Wanderung-700x501.jpg\" height=\"501\" width=\"700\" alt=\"\" class=\"slider-400 slide-404 msDefaultImage\" title=\"Wanderung\" \/><\/li>\n            <\/ul>\n        <\/div>\n        \n    <\/div>\n<\/div><\/div>\n\n\n\n<p class=\"has-text-align-center has-black-color has-text-color has-medium-font-size\"><strong>F\u00fcr die kleinen Besucher wird der Osterhase eine kleine \u00dcberraschung bereithalten.<\/strong><\/p>\n\n\n\n<p class=\"has-text-align-center\"><strong>\u201eL\u00e4mmcha gugge\u201c Osterwanderung 2024, kann aus organisatorischen Gr\u00fcnden leider nicht stattfinden.<\/strong><\/p>\n\n\n\n<p class=\"has-text-align-center has-black-color has-text-color has-medium-font-size\">Treffpunkt: Hofladen Gerhardt Stipshausen<br>Uhrzeit: 13:30 Uhr bis ca. 16:00 Uhr<br>Die Wanderung findet bei jedem Wetter statt,<br>bitte an entsprechende Kleidung denken!<\/p>\n\n\n\n<figure class=\"wp-block-image size-large\"><img loading=\"lazy\" decoding=\"async\" width=\"1024\" height=\"18\" src=\"https:\/\/gerhardt-stipshausen.de\/wp-content\/uploads\/2022\/09\/Linie-OK-2-1024x18.gif\" alt=\"\" class=\"wp-image-216\" srcset=\"https:\/\/gerhardt-stipshausen.de\/wp-content\/uploads\/2022\/09\/Linie-OK-2-1024x18.gif 1024w, https:\/\/gerhardt-stipshausen.de\/wp-content\/uploads\/2022\/09\/Linie-OK-2-300x5.gif 300w, https:\/\/gerhardt-stipshausen.de\/wp-content\/uploads\/2022\/09\/Linie-OK-2-768x13.gif 768w\" sizes=\"auto, (max-width: 767px) 89vw, (max-width: 1000px) 54vw, (max-width: 1071px) 543px, 580px\" \/><\/figure>\n","protected":false},"excerpt":{"rendered":"<p>&#8222;L\u00e4mmcha gugge&#8220; Osterwanderung 2024, kann aus organisatorischen Gr\u00fcnden leider nicht stattfinden. Termin: Immer Ostersamstag, mit dem Sch\u00e4fer Karsten Gerhardt im Schafstall zur Begr\u00fc\u00dfung der neugeborenen L\u00e4mmer! Dabei k\u00f6nnen die jungen L\u00e4mmer bestaunt und gestreichelt werden, was sicherlich nicht nur f\u00fcr Kinder sondern auch f\u00fcr Erwachsene ein Erlebnis sein wird. Die Besucher haben die M\u00f6glichkeit hinter &hellip; <\/p>\n<p class=\"link-more\"><a href=\"https:\/\/gerhardt-stipshausen.de\/index.php\/unsere-feste\/\" class=\"more-link\"><span class=\"screen-reader-text\">\u201eUnsere Feste\u201c <\/span>weiterlesen<\/a><\/p>\n","protected":false},"author":1,"featured_media":0,"parent":0,"menu_order":0,"comment_status":"closed","ping_status":"closed","template":"","meta":{"ngg_post_thumbnail":0,"footnotes":""},"class_list":["post-312","page","type-page","status-publish","hentry"],"yoast_head":"<!-- This site is optimized with the Yoast SEO plugin v27.5 - https:\/\/yoast.com\/product\/yoast-seo-wordpress\/ -->\n<title>Unsere Feste - Hofladen Gerhardt Stipshausen<\/title>\n<meta name=\"robots\" content=\"index, follow, max-snippet:-1, max-image-preview:large, max-video-preview:-1\" \/>\n<link rel=\"canonical\" href=\"https:\/\/gerhardt-stipshausen.de\/index.php\/unsere-feste\/\" \/>\n<meta property=\"og:locale\" content=\"de_DE\" \/>\n<meta property=\"og:type\" content=\"article\" \/>\n<meta property=\"og:title\" content=\"Unsere Feste - Hofladen Gerhardt Stipshausen\" \/>\n<meta property=\"og:description\" content=\"&#8222;L\u00e4mmcha gugge&#8220; Osterwanderung 2024, kann aus organisatorischen Gr\u00fcnden leider nicht stattfinden. Termin: Immer Ostersamstag, mit dem Sch\u00e4fer Karsten Gerhardt im Schafstall zur Begr\u00fc\u00dfung der neugeborenen L\u00e4mmer! Dabei k\u00f6nnen die jungen L\u00e4mmer bestaunt und gestreichelt werden, was sicherlich nicht nur f\u00fcr Kinder sondern auch f\u00fcr Erwachsene ein Erlebnis sein wird. Die Besucher haben die M\u00f6glichkeit hinter &hellip; \u201eUnsere Feste\u201c weiterlesen\" \/>\n<meta property=\"og:url\" content=\"https:\/\/gerhardt-stipshausen.de\/index.php\/unsere-feste\/\" \/>\n<meta property=\"og:site_name\" content=\"Hofladen Gerhardt Stipshausen\" \/>\n<meta property=\"article:modified_time\" content=\"2024-03-13T10:54:02+00:00\" \/>\n<meta property=\"og:image\" content=\"https:\/\/gerhardt-stipshausen.de\/wp-content\/uploads\/2022\/09\/Linie-OK-2-1024x18.gif\" \/>\n<meta name=\"twitter:card\" content=\"summary_large_image\" \/>\n<meta name=\"twitter:label1\" content=\"Gesch\u00e4tzte Lesezeit\" \/>\n\t<meta name=\"twitter:data1\" content=\"2\u00a0Minuten\" \/>\n<script type=\"application\/ld+json\" class=\"yoast-schema-graph\">{\"@context\":\"https:\\\/\\\/schema.org\",\"@graph\":[{\"@type\":\"WebPage\",\"@id\":\"https:\\\/\\\/gerhardt-stipshausen.de\\\/index.php\\\/unsere-feste\\\/\",\"url\":\"https:\\\/\\\/gerhardt-stipshausen.de\\\/index.php\\\/unsere-feste\\\/\",\"name\":\"Unsere Feste - Hofladen Gerhardt Stipshausen\",\"isPartOf\":{\"@id\":\"https:\\\/\\\/gerhardt-stipshausen.de\\\/#website\"},\"primaryImageOfPage\":{\"@id\":\"https:\\\/\\\/gerhardt-stipshausen.de\\\/index.php\\\/unsere-feste\\\/#primaryimage\"},\"image\":{\"@id\":\"https:\\\/\\\/gerhardt-stipshausen.de\\\/index.php\\\/unsere-feste\\\/#primaryimage\"},\"thumbnailUrl\":\"https:\\\/\\\/gerhardt-stipshausen.de\\\/wp-content\\\/uploads\\\/2022\\\/09\\\/Linie-OK-2-1024x18.gif\",\"datePublished\":\"2022-09-14T18:03:54+00:00\",\"dateModified\":\"2024-03-13T10:54:02+00:00\",\"breadcrumb\":{\"@id\":\"https:\\\/\\\/gerhardt-stipshausen.de\\\/index.php\\\/unsere-feste\\\/#breadcrumb\"},\"inLanguage\":\"de\",\"potentialAction\":[{\"@type\":\"ReadAction\",\"target\":[\"https:\\\/\\\/gerhardt-stipshausen.de\\\/index.php\\\/unsere-feste\\\/\"]}]},{\"@type\":\"ImageObject\",\"inLanguage\":\"de\",\"@id\":\"https:\\\/\\\/gerhardt-stipshausen.de\\\/index.php\\\/unsere-feste\\\/#primaryimage\",\"url\":\"https:\\\/\\\/gerhardt-stipshausen.de\\\/wp-content\\\/uploads\\\/2022\\\/09\\\/Linie-OK-2.gif\",\"contentUrl\":\"https:\\\/\\\/gerhardt-stipshausen.de\\\/wp-content\\\/uploads\\\/2022\\\/09\\\/Linie-OK-2.gif\",\"width\":1500,\"height\":26},{\"@type\":\"BreadcrumbList\",\"@id\":\"https:\\\/\\\/gerhardt-stipshausen.de\\\/index.php\\\/unsere-feste\\\/#breadcrumb\",\"itemListElement\":[{\"@type\":\"ListItem\",\"position\":1,\"name\":\"Startseite\",\"item\":\"https:\\\/\\\/gerhardt-stipshausen.de\\\/\"},{\"@type\":\"ListItem\",\"position\":2,\"name\":\"Unsere Feste\"}]},{\"@type\":\"WebSite\",\"@id\":\"https:\\\/\\\/gerhardt-stipshausen.de\\\/#website\",\"url\":\"https:\\\/\\\/gerhardt-stipshausen.de\\\/\",\"name\":\"Hofladen Gerhardt Stipshausen\",\"description\":\"LANDFRISCHE LEBENSMITTEL &amp; MEHR DIREKT VOM BAUERNHOF\",\"publisher\":{\"@id\":\"https:\\\/\\\/gerhardt-stipshausen.de\\\/#organization\"},\"potentialAction\":[{\"@type\":\"SearchAction\",\"target\":{\"@type\":\"EntryPoint\",\"urlTemplate\":\"https:\\\/\\\/gerhardt-stipshausen.de\\\/?s={search_term_string}\"},\"query-input\":{\"@type\":\"PropertyValueSpecification\",\"valueRequired\":true,\"valueName\":\"search_term_string\"}}],\"inLanguage\":\"de\"},{\"@type\":\"Organization\",\"@id\":\"https:\\\/\\\/gerhardt-stipshausen.de\\\/#organization\",\"name\":\"Hofladen Gerhardt Stipshausen\",\"url\":\"https:\\\/\\\/gerhardt-stipshausen.de\\\/\",\"logo\":{\"@type\":\"ImageObject\",\"inLanguage\":\"de\",\"@id\":\"https:\\\/\\\/gerhardt-stipshausen.de\\\/#\\\/schema\\\/logo\\\/image\\\/\",\"url\":\"https:\\\/\\\/gerhardt-stipshausen.de\\\/wp-content\\\/uploads\\\/2022\\\/09\\\/cropped-Logo2_HOFLADEN-obenKlein-1.gif\",\"contentUrl\":\"https:\\\/\\\/gerhardt-stipshausen.de\\\/wp-content\\\/uploads\\\/2022\\\/09\\\/cropped-Logo2_HOFLADEN-obenKlein-1.gif\",\"width\":180,\"height\":171,\"caption\":\"Hofladen Gerhardt Stipshausen\"},\"image\":{\"@id\":\"https:\\\/\\\/gerhardt-stipshausen.de\\\/#\\\/schema\\\/logo\\\/image\\\/\"}}]}<\/script>\n<!-- \/ Yoast SEO plugin. -->","yoast_head_json":{"title":"Unsere Feste - Hofladen Gerhardt Stipshausen","robots":{"index":"index","follow":"follow","max-snippet":"max-snippet:-1","max-image-preview":"max-image-preview:large","max-video-preview":"max-video-preview:-1"},"canonical":"https:\/\/gerhardt-stipshausen.de\/index.php\/unsere-feste\/","og_locale":"de_DE","og_type":"article","og_title":"Unsere Feste - Hofladen Gerhardt Stipshausen","og_description":"&#8222;L\u00e4mmcha gugge&#8220; Osterwanderung 2024, kann aus organisatorischen Gr\u00fcnden leider nicht stattfinden. Termin: Immer Ostersamstag, mit dem Sch\u00e4fer Karsten Gerhardt im Schafstall zur Begr\u00fc\u00dfung der neugeborenen L\u00e4mmer! Dabei k\u00f6nnen die jungen L\u00e4mmer bestaunt und gestreichelt werden, was sicherlich nicht nur f\u00fcr Kinder sondern auch f\u00fcr Erwachsene ein Erlebnis sein wird. Die Besucher haben die M\u00f6glichkeit hinter &hellip; \u201eUnsere Feste\u201c weiterlesen","og_url":"https:\/\/gerhardt-stipshausen.de\/index.php\/unsere-feste\/","og_site_name":"Hofladen Gerhardt Stipshausen","article_modified_time":"2024-03-13T10:54:02+00:00","og_image":[{"url":"https:\/\/gerhardt-stipshausen.de\/wp-content\/uploads\/2022\/09\/Linie-OK-2-1024x18.gif","type":"","width":"","height":""}],"twitter_card":"summary_large_image","twitter_misc":{"Gesch\u00e4tzte Lesezeit":"2\u00a0Minuten"},"schema":{"@context":"https:\/\/schema.org","@graph":[{"@type":"WebPage","@id":"https:\/\/gerhardt-stipshausen.de\/index.php\/unsere-feste\/","url":"https:\/\/gerhardt-stipshausen.de\/index.php\/unsere-feste\/","name":"Unsere Feste - Hofladen Gerhardt Stipshausen","isPartOf":{"@id":"https:\/\/gerhardt-stipshausen.de\/#website"},"primaryImageOfPage":{"@id":"https:\/\/gerhardt-stipshausen.de\/index.php\/unsere-feste\/#primaryimage"},"image":{"@id":"https:\/\/gerhardt-stipshausen.de\/index.php\/unsere-feste\/#primaryimage"},"thumbnailUrl":"https:\/\/gerhardt-stipshausen.de\/wp-content\/uploads\/2022\/09\/Linie-OK-2-1024x18.gif","datePublished":"2022-09-14T18:03:54+00:00","dateModified":"2024-03-13T10:54:02+00:00","breadcrumb":{"@id":"https:\/\/gerhardt-stipshausen.de\/index.php\/unsere-feste\/#breadcrumb"},"inLanguage":"de","potentialAction":[{"@type":"ReadAction","target":["https:\/\/gerhardt-stipshausen.de\/index.php\/unsere-feste\/"]}]},{"@type":"ImageObject","inLanguage":"de","@id":"https:\/\/gerhardt-stipshausen.de\/index.php\/unsere-feste\/#primaryimage","url":"https:\/\/gerhardt-stipshausen.de\/wp-content\/uploads\/2022\/09\/Linie-OK-2.gif","contentUrl":"https:\/\/gerhardt-stipshausen.de\/wp-content\/uploads\/2022\/09\/Linie-OK-2.gif","width":1500,"height":26},{"@type":"BreadcrumbList","@id":"https:\/\/gerhardt-stipshausen.de\/index.php\/unsere-feste\/#breadcrumb","itemListElement":[{"@type":"ListItem","position":1,"name":"Startseite","item":"https:\/\/gerhardt-stipshausen.de\/"},{"@type":"ListItem","position":2,"name":"Unsere Feste"}]},{"@type":"WebSite","@id":"https:\/\/gerhardt-stipshausen.de\/#website","url":"https:\/\/gerhardt-stipshausen.de\/","name":"Hofladen Gerhardt Stipshausen","description":"LANDFRISCHE LEBENSMITTEL &amp; MEHR DIREKT VOM BAUERNHOF","publisher":{"@id":"https:\/\/gerhardt-stipshausen.de\/#organization"},"potentialAction":[{"@type":"SearchAction","target":{"@type":"EntryPoint","urlTemplate":"https:\/\/gerhardt-stipshausen.de\/?s={search_term_string}"},"query-input":{"@type":"PropertyValueSpecification","valueRequired":true,"valueName":"search_term_string"}}],"inLanguage":"de"},{"@type":"Organization","@id":"https:\/\/gerhardt-stipshausen.de\/#organization","name":"Hofladen Gerhardt Stipshausen","url":"https:\/\/gerhardt-stipshausen.de\/","logo":{"@type":"ImageObject","inLanguage":"de","@id":"https:\/\/gerhardt-stipshausen.de\/#\/schema\/logo\/image\/","url":"https:\/\/gerhardt-stipshausen.de\/wp-content\/uploads\/2022\/09\/cropped-Logo2_HOFLADEN-obenKlein-1.gif","contentUrl":"https:\/\/gerhardt-stipshausen.de\/wp-content\/uploads\/2022\/09\/cropped-Logo2_HOFLADEN-obenKlein-1.gif","width":180,"height":171,"caption":"Hofladen Gerhardt Stipshausen"},"image":{"@id":"https:\/\/gerhardt-stipshausen.de\/#\/schema\/logo\/image\/"}}]}},"_links":{"self":[{"href":"https:\/\/gerhardt-stipshausen.de\/index.php\/wp-json\/wp\/v2\/pages\/312","targetHints":{"allow":["GET"]}}],"collection":[{"href":"https:\/\/gerhardt-stipshausen.de\/index.php\/wp-json\/wp\/v2\/pages"}],"about":[{"href":"https:\/\/gerhardt-stipshausen.de\/index.php\/wp-json\/wp\/v2\/types\/page"}],"author":[{"embeddable":true,"href":"https:\/\/gerhardt-stipshausen.de\/index.php\/wp-json\/wp\/v2\/users\/1"}],"replies":[{"embeddable":true,"href":"https:\/\/gerhardt-stipshausen.de\/index.php\/wp-json\/wp\/v2\/comments?post=312"}],"version-history":[{"count":11,"href":"https:\/\/gerhardt-stipshausen.de\/index.php\/wp-json\/wp\/v2\/pages\/312\/revisions"}],"predecessor-version":[{"id":691,"href":"https:\/\/gerhardt-stipshausen.de\/index.php\/wp-json\/wp\/v2\/pages\/312\/revisions\/691"}],"wp:attachment":[{"href":"https:\/\/gerhardt-stipshausen.de\/index.php\/wp-json\/wp\/v2\/media?parent=312"}],"curies":[{"name":"wp","href":"https:\/\/api.w.org\/{rel}","templated":true}]}}