{"id":251,"date":"2022-09-11T15:28:41","date_gmt":"2022-09-11T15:28:41","guid":{"rendered":"https:\/\/gerhardt-stipshausen.de\/?page_id=251"},"modified":"2022-09-17T08:50:50","modified_gmt":"2022-09-17T08:50:50","slug":"unsere-rinder","status":"publish","type":"page","link":"https:\/\/gerhardt-stipshausen.de\/index.php\/unsere-rinder\/","title":{"rendered":"Unsere Rinder"},"content":{"rendered":"\n<figure class=\"wp-block-image size-large\"><img loading=\"lazy\" decoding=\"async\" width=\"1024\" height=\"18\" src=\"https:\/\/gerhardt-stipshausen.de\/wp-content\/uploads\/2022\/09\/Linie-OK-2-1024x18.gif\" alt=\"\" class=\"wp-image-216\" srcset=\"https:\/\/gerhardt-stipshausen.de\/wp-content\/uploads\/2022\/09\/Linie-OK-2-1024x18.gif 1024w, https:\/\/gerhardt-stipshausen.de\/wp-content\/uploads\/2022\/09\/Linie-OK-2-300x5.gif 300w, https:\/\/gerhardt-stipshausen.de\/wp-content\/uploads\/2022\/09\/Linie-OK-2-768x13.gif 768w\" sizes=\"auto, (max-width: 767px) 89vw, (max-width: 1000px) 54vw, (max-width: 1071px) 543px, 580px\" \/><\/figure>\n\n\n\n<h2 class=\"has-black-color has-text-color has-medium-font-size wp-block-heading\"><strong>Qualit\u00e4t ist das oberste Gebot&#8230;<\/strong><\/h2>\n\n\n\n<p class=\"has-black-color has-text-color has-medium-font-size\">In unserem Betrieb wird nur Futter aus eigenem Ackerbau verf\u00fcttert. Das Fleisch kommt direkt vom Erzeuger und hat dementsprechende Qualit\u00e4t. Denn bei uns wei\u00df man wo es herkommt und was man isst. <br>Wir verzichten bewu\u00dft auf Hormone, Wachstumsbeschleuniger, usw.<\/p>\n\n\n\n<div class=\"alignnormal\"><div id=\"metaslider-id-259\" style=\"width: 100%;\" class=\"ml-slider-3-108-0 metaslider metaslider-flex metaslider-259 ml-slider has-dots-nav ms-theme-default\" role=\"region\" aria-label=\"Rinder\" data-height=\"501\" data-width=\"700\">\n    <div id=\"metaslider_container_259\">\n        <div id=\"metaslider_259\">\n            <ul class='slides'>\n                <li style=\"display: block; width: 100%;\" class=\"slide-269 ms-image \" aria-roledescription=\"slide\" data-date=\"2022-09-11 15:36:10\" data-filename=\"01-Kuehe-700x501.jpg\" data-slide-type=\"image\"><img loading=\"lazy\" decoding=\"async\" src=\"https:\/\/gerhardt-stipshausen.de\/wp-content\/uploads\/2022\/09\/01-Kuehe-700x501.jpg\" height=\"501\" width=\"700\" alt=\"\" class=\"slider-259 slide-269 msDefaultImage\" title=\"01-Kuehe\" \/><\/li>\n                <li style=\"display: none; width: 100%;\" class=\"slide-270 ms-image \" aria-roledescription=\"slide\" data-date=\"2022-09-11 15:36:11\" data-filename=\"IMG_20211101_113952_247-scaled-700x501.jpg\" data-slide-type=\"image\"><img loading=\"lazy\" decoding=\"async\" src=\"https:\/\/gerhardt-stipshausen.de\/wp-content\/uploads\/2022\/09\/IMG_20211101_113952_247-scaled-700x501.jpg\" height=\"501\" width=\"700\" alt=\"\" class=\"slider-259 slide-270 msDefaultImage\" title=\"IMG_20211101_113952_247\" \/><\/li>\n                <li style=\"display: none; width: 100%;\" class=\"slide-271 ms-image \" aria-roledescription=\"slide\" data-date=\"2022-09-11 15:36:11\" data-filename=\"IMG_20220522_092310_1-scaled-700x501.jpg\" data-slide-type=\"image\"><img loading=\"lazy\" decoding=\"async\" src=\"https:\/\/gerhardt-stipshausen.de\/wp-content\/uploads\/2022\/09\/IMG_20220522_092310_1-scaled-700x501.jpg\" height=\"501\" width=\"700\" alt=\"\" class=\"slider-259 slide-271 msDefaultImage\" title=\"IMG_20220522_092310_1\" \/><\/li>\n                <li style=\"display: none; width: 100%;\" class=\"slide-272 ms-image \" aria-roledescription=\"slide\" data-date=\"2022-09-11 15:36:11\" data-filename=\"IMG_20211102_190503_317-scaled-700x501.jpg\" data-slide-type=\"image\"><img loading=\"lazy\" decoding=\"async\" src=\"https:\/\/gerhardt-stipshausen.de\/wp-content\/uploads\/2022\/09\/IMG_20211102_190503_317-scaled-700x501.jpg\" height=\"501\" width=\"700\" alt=\"\" class=\"slider-259 slide-272 msDefaultImage\" title=\"IMG_20211102_190503_317\" \/><\/li>\n                <li style=\"display: none; width: 100%;\" class=\"slide-273 ms-image \" aria-roledescription=\"slide\" data-date=\"2022-09-11 15:36:11\" data-filename=\"05-Rinder-700x501.jpg\" data-slide-type=\"image\"><img loading=\"lazy\" decoding=\"async\" src=\"https:\/\/gerhardt-stipshausen.de\/wp-content\/uploads\/2022\/09\/05-Rinder-700x501.jpg\" height=\"501\" width=\"700\" alt=\"\" class=\"slider-259 slide-273 msDefaultImage\" title=\"05-Rinder\" \/><\/li>\n                <li style=\"display: none; width: 100%;\" class=\"slide-274 ms-image \" aria-roledescription=\"slide\" data-date=\"2022-09-11 15:36:11\" data-filename=\"IMG_20220524_165125_6-scaled-700x501.jpg\" data-slide-type=\"image\"><img loading=\"lazy\" decoding=\"async\" src=\"https:\/\/gerhardt-stipshausen.de\/wp-content\/uploads\/2022\/09\/IMG_20220524_165125_6-scaled-700x501.jpg\" height=\"501\" width=\"700\" alt=\"\" class=\"slider-259 slide-274 msDefaultImage\" title=\"IMG_20220524_165125_6\" \/><\/li>\n                <li style=\"display: none; width: 100%;\" class=\"slide-275 ms-image \" aria-roledescription=\"slide\" data-date=\"2022-09-11 15:36:11\" data-filename=\"07-kuehe-700x501.jpg\" data-slide-type=\"image\"><img loading=\"lazy\" decoding=\"async\" src=\"https:\/\/gerhardt-stipshausen.de\/wp-content\/uploads\/2022\/09\/07-kuehe-700x501.jpg\" height=\"501\" width=\"700\" alt=\"\" class=\"slider-259 slide-275 msDefaultImage\" title=\"07-kuehe\" \/><\/li>\n                <li style=\"display: none; width: 100%;\" class=\"slide-276 ms-image \" aria-roledescription=\"slide\" data-date=\"2022-09-11 15:36:12\" data-filename=\"08-kuehe-700x501.jpg\" data-slide-type=\"image\"><img loading=\"lazy\" decoding=\"async\" src=\"https:\/\/gerhardt-stipshausen.de\/wp-content\/uploads\/2022\/09\/08-kuehe-700x501.jpg\" height=\"501\" width=\"700\" alt=\"\" class=\"slider-259 slide-276 msDefaultImage\" title=\"08-kuehe\" \/><\/li>\n                <li style=\"display: none; width: 100%;\" class=\"slide-279 ms-image \" aria-roledescription=\"slide\" data-date=\"2022-09-11 15:37:37\" data-filename=\"IMG-20210131-WA00031-700x501.jpg\" data-slide-type=\"image\"><img loading=\"lazy\" decoding=\"async\" src=\"https:\/\/gerhardt-stipshausen.de\/wp-content\/uploads\/2022\/09\/IMG-20210131-WA00031-700x501.jpg\" height=\"501\" width=\"700\" alt=\"\" class=\"slider-259 slide-279 msDefaultImage\" title=\"IMG-20210131-WA0003(1)\" \/><\/li>\n            <\/ul>\n        <\/div>\n        \n    <\/div>\n<\/div><\/div>\n\n\n\n<p class=\"has-black-color has-text-color has-medium-font-size\"><strong>Rindfleisch:<br><\/strong>Aus eigener Aufzucht in artgerechter Mutterkuhhaltung.<br>Besuchen Sie uns doch einmal in unserem <a href=\"https:\/\/gerhardt-stipshausen.de\/index.php\/hofladen\/\">Hofladen<\/a>.<br>Im Umkreis von 30km liefern wir Ihnen die Ware kostenfrei!<\/p>\n\n\n\n<p class=\"has-black-color has-text-color has-medium-font-size\"><strong>Wir f\u00fchren folgende Rassen:<br><\/strong>Galloway, Limousin, Charolais, Fleckvieh, Angus und Kreuzungstiere<\/p>\n\n\n\n<p class=\"has-text-align-center has-black-color has-cyan-bluish-gray-background-color has-text-color has-background has-medium-font-size\">Eine Betriebsbesichtigung ist jederzeit m\u00f6glich. Damit wir auch garantiert Zeit f\u00fcr Sie haben, sollten Sie sich bitte vorher anmelden.<\/p>\n\n\n\n<figure class=\"wp-block-image size-large\"><img loading=\"lazy\" decoding=\"async\" width=\"1024\" height=\"18\" src=\"https:\/\/gerhardt-stipshausen.de\/wp-content\/uploads\/2022\/09\/Linie-OK-2-1024x18.gif\" alt=\"\" class=\"wp-image-216\" srcset=\"https:\/\/gerhardt-stipshausen.de\/wp-content\/uploads\/2022\/09\/Linie-OK-2-1024x18.gif 1024w, https:\/\/gerhardt-stipshausen.de\/wp-content\/uploads\/2022\/09\/Linie-OK-2-300x5.gif 300w, https:\/\/gerhardt-stipshausen.de\/wp-content\/uploads\/2022\/09\/Linie-OK-2-768x13.gif 768w\" sizes=\"auto, (max-width: 767px) 89vw, (max-width: 1000px) 54vw, (max-width: 1071px) 543px, 580px\" \/><\/figure>\n","protected":false},"excerpt":{"rendered":"<p>Qualit\u00e4t ist das oberste Gebot&#8230; In unserem Betrieb wird nur Futter aus eigenem Ackerbau verf\u00fcttert. Das Fleisch kommt direkt vom Erzeuger und hat dementsprechende Qualit\u00e4t. Denn bei uns wei\u00df man wo es herkommt und was man isst. Wir verzichten bewu\u00dft auf Hormone, Wachstumsbeschleuniger, usw. Rindfleisch:Aus eigener Aufzucht in artgerechter Mutterkuhhaltung.Besuchen Sie uns doch einmal in &hellip; <\/p>\n<p class=\"link-more\"><a href=\"https:\/\/gerhardt-stipshausen.de\/index.php\/unsere-rinder\/\" class=\"more-link\"><span class=\"screen-reader-text\">\u201eUnsere Rinder\u201c <\/span>weiterlesen<\/a><\/p>\n","protected":false},"author":1,"featured_media":0,"parent":0,"menu_order":0,"comment_status":"closed","ping_status":"closed","template":"","meta":{"ngg_post_thumbnail":0,"footnotes":""},"class_list":["post-251","page","type-page","status-publish","hentry"],"yoast_head":"<!-- This site is optimized with the Yoast SEO plugin v27.5 - https:\/\/yoast.com\/product\/yoast-seo-wordpress\/ -->\n<title>Unsere Rinder - Hofladen Gerhardt Stipshausen<\/title>\n<meta name=\"robots\" content=\"index, follow, max-snippet:-1, max-image-preview:large, max-video-preview:-1\" \/>\n<link rel=\"canonical\" href=\"https:\/\/gerhardt-stipshausen.de\/index.php\/unsere-rinder\/\" \/>\n<meta property=\"og:locale\" content=\"de_DE\" \/>\n<meta property=\"og:type\" content=\"article\" \/>\n<meta property=\"og:title\" content=\"Unsere Rinder - Hofladen Gerhardt Stipshausen\" \/>\n<meta property=\"og:description\" content=\"Qualit\u00e4t ist das oberste Gebot&#8230; In unserem Betrieb wird nur Futter aus eigenem Ackerbau verf\u00fcttert. Das Fleisch kommt direkt vom Erzeuger und hat dementsprechende Qualit\u00e4t. Denn bei uns wei\u00df man wo es herkommt und was man isst. Wir verzichten bewu\u00dft auf Hormone, Wachstumsbeschleuniger, usw. Rindfleisch:Aus eigener Aufzucht in artgerechter Mutterkuhhaltung.Besuchen Sie uns doch einmal in &hellip; \u201eUnsere Rinder\u201c weiterlesen\" \/>\n<meta property=\"og:url\" content=\"https:\/\/gerhardt-stipshausen.de\/index.php\/unsere-rinder\/\" \/>\n<meta property=\"og:site_name\" content=\"Hofladen Gerhardt Stipshausen\" \/>\n<meta property=\"article:modified_time\" content=\"2022-09-17T08:50:50+00:00\" \/>\n<meta property=\"og:image\" content=\"https:\/\/gerhardt-stipshausen.de\/wp-content\/uploads\/2022\/09\/Linie-OK-2-1024x18.gif\" \/>\n<meta name=\"twitter:card\" content=\"summary_large_image\" \/>\n<meta name=\"twitter:label1\" content=\"Gesch\u00e4tzte Lesezeit\" \/>\n\t<meta name=\"twitter:data1\" content=\"1\u00a0Minute\" \/>\n<script type=\"application\/ld+json\" class=\"yoast-schema-graph\">{\"@context\":\"https:\\\/\\\/schema.org\",\"@graph\":[{\"@type\":\"WebPage\",\"@id\":\"https:\\\/\\\/gerhardt-stipshausen.de\\\/index.php\\\/unsere-rinder\\\/\",\"url\":\"https:\\\/\\\/gerhardt-stipshausen.de\\\/index.php\\\/unsere-rinder\\\/\",\"name\":\"Unsere Rinder - Hofladen Gerhardt Stipshausen\",\"isPartOf\":{\"@id\":\"https:\\\/\\\/gerhardt-stipshausen.de\\\/#website\"},\"primaryImageOfPage\":{\"@id\":\"https:\\\/\\\/gerhardt-stipshausen.de\\\/index.php\\\/unsere-rinder\\\/#primaryimage\"},\"image\":{\"@id\":\"https:\\\/\\\/gerhardt-stipshausen.de\\\/index.php\\\/unsere-rinder\\\/#primaryimage\"},\"thumbnailUrl\":\"https:\\\/\\\/gerhardt-stipshausen.de\\\/wp-content\\\/uploads\\\/2022\\\/09\\\/Linie-OK-2-1024x18.gif\",\"datePublished\":\"2022-09-11T15:28:41+00:00\",\"dateModified\":\"2022-09-17T08:50:50+00:00\",\"breadcrumb\":{\"@id\":\"https:\\\/\\\/gerhardt-stipshausen.de\\\/index.php\\\/unsere-rinder\\\/#breadcrumb\"},\"inLanguage\":\"de\",\"potentialAction\":[{\"@type\":\"ReadAction\",\"target\":[\"https:\\\/\\\/gerhardt-stipshausen.de\\\/index.php\\\/unsere-rinder\\\/\"]}]},{\"@type\":\"ImageObject\",\"inLanguage\":\"de\",\"@id\":\"https:\\\/\\\/gerhardt-stipshausen.de\\\/index.php\\\/unsere-rinder\\\/#primaryimage\",\"url\":\"https:\\\/\\\/gerhardt-stipshausen.de\\\/wp-content\\\/uploads\\\/2022\\\/09\\\/Linie-OK-2.gif\",\"contentUrl\":\"https:\\\/\\\/gerhardt-stipshausen.de\\\/wp-content\\\/uploads\\\/2022\\\/09\\\/Linie-OK-2.gif\",\"width\":1500,\"height\":26},{\"@type\":\"BreadcrumbList\",\"@id\":\"https:\\\/\\\/gerhardt-stipshausen.de\\\/index.php\\\/unsere-rinder\\\/#breadcrumb\",\"itemListElement\":[{\"@type\":\"ListItem\",\"position\":1,\"name\":\"Startseite\",\"item\":\"https:\\\/\\\/gerhardt-stipshausen.de\\\/\"},{\"@type\":\"ListItem\",\"position\":2,\"name\":\"Unsere Rinder\"}]},{\"@type\":\"WebSite\",\"@id\":\"https:\\\/\\\/gerhardt-stipshausen.de\\\/#website\",\"url\":\"https:\\\/\\\/gerhardt-stipshausen.de\\\/\",\"name\":\"Hofladen Gerhardt Stipshausen\",\"description\":\"LANDFRISCHE LEBENSMITTEL &amp; MEHR DIREKT VOM BAUERNHOF\",\"publisher\":{\"@id\":\"https:\\\/\\\/gerhardt-stipshausen.de\\\/#organization\"},\"potentialAction\":[{\"@type\":\"SearchAction\",\"target\":{\"@type\":\"EntryPoint\",\"urlTemplate\":\"https:\\\/\\\/gerhardt-stipshausen.de\\\/?s={search_term_string}\"},\"query-input\":{\"@type\":\"PropertyValueSpecification\",\"valueRequired\":true,\"valueName\":\"search_term_string\"}}],\"inLanguage\":\"de\"},{\"@type\":\"Organization\",\"@id\":\"https:\\\/\\\/gerhardt-stipshausen.de\\\/#organization\",\"name\":\"Hofladen Gerhardt Stipshausen\",\"url\":\"https:\\\/\\\/gerhardt-stipshausen.de\\\/\",\"logo\":{\"@type\":\"ImageObject\",\"inLanguage\":\"de\",\"@id\":\"https:\\\/\\\/gerhardt-stipshausen.de\\\/#\\\/schema\\\/logo\\\/image\\\/\",\"url\":\"https:\\\/\\\/gerhardt-stipshausen.de\\\/wp-content\\\/uploads\\\/2022\\\/09\\\/cropped-Logo2_HOFLADEN-obenKlein-1.gif\",\"contentUrl\":\"https:\\\/\\\/gerhardt-stipshausen.de\\\/wp-content\\\/uploads\\\/2022\\\/09\\\/cropped-Logo2_HOFLADEN-obenKlein-1.gif\",\"width\":180,\"height\":171,\"caption\":\"Hofladen Gerhardt Stipshausen\"},\"image\":{\"@id\":\"https:\\\/\\\/gerhardt-stipshausen.de\\\/#\\\/schema\\\/logo\\\/image\\\/\"}}]}<\/script>\n<!-- \/ Yoast SEO plugin. -->","yoast_head_json":{"title":"Unsere Rinder - Hofladen Gerhardt Stipshausen","robots":{"index":"index","follow":"follow","max-snippet":"max-snippet:-1","max-image-preview":"max-image-preview:large","max-video-preview":"max-video-preview:-1"},"canonical":"https:\/\/gerhardt-stipshausen.de\/index.php\/unsere-rinder\/","og_locale":"de_DE","og_type":"article","og_title":"Unsere Rinder - Hofladen Gerhardt Stipshausen","og_description":"Qualit\u00e4t ist das oberste Gebot&#8230; In unserem Betrieb wird nur Futter aus eigenem Ackerbau verf\u00fcttert. Das Fleisch kommt direkt vom Erzeuger und hat dementsprechende Qualit\u00e4t. Denn bei uns wei\u00df man wo es herkommt und was man isst. Wir verzichten bewu\u00dft auf Hormone, Wachstumsbeschleuniger, usw. Rindfleisch:Aus eigener Aufzucht in artgerechter Mutterkuhhaltung.Besuchen Sie uns doch einmal in &hellip; \u201eUnsere Rinder\u201c weiterlesen","og_url":"https:\/\/gerhardt-stipshausen.de\/index.php\/unsere-rinder\/","og_site_name":"Hofladen Gerhardt Stipshausen","article_modified_time":"2022-09-17T08:50:50+00:00","og_image":[{"url":"https:\/\/gerhardt-stipshausen.de\/wp-content\/uploads\/2022\/09\/Linie-OK-2-1024x18.gif","type":"","width":"","height":""}],"twitter_card":"summary_large_image","twitter_misc":{"Gesch\u00e4tzte Lesezeit":"1\u00a0Minute"},"schema":{"@context":"https:\/\/schema.org","@graph":[{"@type":"WebPage","@id":"https:\/\/gerhardt-stipshausen.de\/index.php\/unsere-rinder\/","url":"https:\/\/gerhardt-stipshausen.de\/index.php\/unsere-rinder\/","name":"Unsere Rinder - Hofladen Gerhardt Stipshausen","isPartOf":{"@id":"https:\/\/gerhardt-stipshausen.de\/#website"},"primaryImageOfPage":{"@id":"https:\/\/gerhardt-stipshausen.de\/index.php\/unsere-rinder\/#primaryimage"},"image":{"@id":"https:\/\/gerhardt-stipshausen.de\/index.php\/unsere-rinder\/#primaryimage"},"thumbnailUrl":"https:\/\/gerhardt-stipshausen.de\/wp-content\/uploads\/2022\/09\/Linie-OK-2-1024x18.gif","datePublished":"2022-09-11T15:28:41+00:00","dateModified":"2022-09-17T08:50:50+00:00","breadcrumb":{"@id":"https:\/\/gerhardt-stipshausen.de\/index.php\/unsere-rinder\/#breadcrumb"},"inLanguage":"de","potentialAction":[{"@type":"ReadAction","target":["https:\/\/gerhardt-stipshausen.de\/index.php\/unsere-rinder\/"]}]},{"@type":"ImageObject","inLanguage":"de","@id":"https:\/\/gerhardt-stipshausen.de\/index.php\/unsere-rinder\/#primaryimage","url":"https:\/\/gerhardt-stipshausen.de\/wp-content\/uploads\/2022\/09\/Linie-OK-2.gif","contentUrl":"https:\/\/gerhardt-stipshausen.de\/wp-content\/uploads\/2022\/09\/Linie-OK-2.gif","width":1500,"height":26},{"@type":"BreadcrumbList","@id":"https:\/\/gerhardt-stipshausen.de\/index.php\/unsere-rinder\/#breadcrumb","itemListElement":[{"@type":"ListItem","position":1,"name":"Startseite","item":"https:\/\/gerhardt-stipshausen.de\/"},{"@type":"ListItem","position":2,"name":"Unsere Rinder"}]},{"@type":"WebSite","@id":"https:\/\/gerhardt-stipshausen.de\/#website","url":"https:\/\/gerhardt-stipshausen.de\/","name":"Hofladen Gerhardt Stipshausen","description":"LANDFRISCHE LEBENSMITTEL &amp; MEHR DIREKT VOM BAUERNHOF","publisher":{"@id":"https:\/\/gerhardt-stipshausen.de\/#organization"},"potentialAction":[{"@type":"SearchAction","target":{"@type":"EntryPoint","urlTemplate":"https:\/\/gerhardt-stipshausen.de\/?s={search_term_string}"},"query-input":{"@type":"PropertyValueSpecification","valueRequired":true,"valueName":"search_term_string"}}],"inLanguage":"de"},{"@type":"Organization","@id":"https:\/\/gerhardt-stipshausen.de\/#organization","name":"Hofladen Gerhardt Stipshausen","url":"https:\/\/gerhardt-stipshausen.de\/","logo":{"@type":"ImageObject","inLanguage":"de","@id":"https:\/\/gerhardt-stipshausen.de\/#\/schema\/logo\/image\/","url":"https:\/\/gerhardt-stipshausen.de\/wp-content\/uploads\/2022\/09\/cropped-Logo2_HOFLADEN-obenKlein-1.gif","contentUrl":"https:\/\/gerhardt-stipshausen.de\/wp-content\/uploads\/2022\/09\/cropped-Logo2_HOFLADEN-obenKlein-1.gif","width":180,"height":171,"caption":"Hofladen Gerhardt Stipshausen"},"image":{"@id":"https:\/\/gerhardt-stipshausen.de\/#\/schema\/logo\/image\/"}}]}},"_links":{"self":[{"href":"https:\/\/gerhardt-stipshausen.de\/index.php\/wp-json\/wp\/v2\/pages\/251","targetHints":{"allow":["GET"]}}],"collection":[{"href":"https:\/\/gerhardt-stipshausen.de\/index.php\/wp-json\/wp\/v2\/pages"}],"about":[{"href":"https:\/\/gerhardt-stipshausen.de\/index.php\/wp-json\/wp\/v2\/types\/page"}],"author":[{"embeddable":true,"href":"https:\/\/gerhardt-stipshausen.de\/index.php\/wp-json\/wp\/v2\/users\/1"}],"replies":[{"embeddable":true,"href":"https:\/\/gerhardt-stipshausen.de\/index.php\/wp-json\/wp\/v2\/comments?post=251"}],"version-history":[{"count":7,"href":"https:\/\/gerhardt-stipshausen.de\/index.php\/wp-json\/wp\/v2\/pages\/251\/revisions"}],"predecessor-version":[{"id":336,"href":"https:\/\/gerhardt-stipshausen.de\/index.php\/wp-json\/wp\/v2\/pages\/251\/revisions\/336"}],"wp:attachment":[{"href":"https:\/\/gerhardt-stipshausen.de\/index.php\/wp-json\/wp\/v2\/media?parent=251"}],"curies":[{"name":"wp","href":"https:\/\/api.w.org\/{rel}","templated":true}]}}